{"id":6080,"date":"2021-09-22T06:40:44","date_gmt":"2021-09-22T06:40:44","guid":{"rendered":"https:\/\/corporate.liquid-themes.com\/elementor\/?page_id=6080"},"modified":"2024-11-18T12:31:32","modified_gmt":"2024-11-18T12:31:32","slug":"haqqimizda","status":"publish","type":"page","link":"https:\/\/proven.az\/en\/haqqimizda\/","title":{"rendered":"About us"},"content":{"rendered":"<div data-elementor-type=\"wp-page\" data-elementor-id=\"6080\" class=\"elementor elementor-6080\" data-elementor-post-type=\"page\">\n\t\t\t\t\t\t<section class=\"elementor-section elementor-top-section elementor-element elementor-element-78360efc elementor-section-full_width elementor-section-height-default elementor-section-height-default\" data-id=\"78360efc\" data-element_type=\"section\" data-settings=\"{&quot;background_background&quot;:&quot;classic&quot;}\">\n\t\t\t\t\t\t<div class=\"elementor-container elementor-column-gap-default\">\n\t\t\t\t\t<div class=\"elementor-column elementor-col-100 elementor-top-column elementor-element elementor-element-2077d5c1\" data-id=\"2077d5c1\" data-element_type=\"column\">\n\t\t\t<div class=\"elementor-widget-wrap elementor-element-populated\">\n\t\t\t\t\t\t<div class=\"elementor-element elementor-element-d072556 elementor-widget elementor-widget-spacer\" data-id=\"d072556\" data-element_type=\"widget\" data-widget_type=\"spacer.default\">\n\t\t\t\t<div class=\"elementor-widget-container\">\n\t\t\t\t\t\t\t<div class=\"elementor-spacer\">\n\t\t\t<div class=\"elementor-spacer-inner\"><\/div>\n\t\t<\/div>\n\t\t\t\t\t\t<\/div>\n\t\t\t\t<\/div>\n\t\t\t\t<div class=\"elementor-element elementor-element-15dfb2d elementor-widget elementor-widget-heading\" data-id=\"15dfb2d\" data-element_type=\"widget\" data-widget_type=\"heading.default\">\n\t\t\t\t<div class=\"elementor-widget-container\">\n\t\t\t\t\t<h2 class=\"elementor-heading-title elementor-size-xl\">About us<\/h2>\t\t\t\t<\/div>\n\t\t\t\t<\/div>\n\t\t\t\t\t<\/div>\n\t\t<\/div>\n\t\t\t\t\t<\/div>\n\t\t<\/section>\n\t\t\t\t<section class=\"elementor-section elementor-top-section elementor-element elementor-element-c455e01 elementor-section-full_width elementor-hidden-tablet elementor-hidden-mobile elementor-section-height-default elementor-section-height-default\" data-id=\"c455e01\" data-element_type=\"section\">\n\t\t\t\t\t\t<div class=\"elementor-container elementor-column-gap-default\">\n\t\t\t\t\t<div class=\"elementor-column elementor-col-100 elementor-top-column elementor-element elementor-element-2471142\" data-id=\"2471142\" data-element_type=\"column\">\n\t\t\t<div class=\"elementor-widget-wrap elementor-element-populated\">\n\t\t\t\t\t\t<div class=\"elementor-element elementor-element-6f6d531 elementor-widget elementor-widget-ld_custom_menu\" data-id=\"6f6d531\" data-element_type=\"widget\" data-settings=\"{&quot;sticky&quot;:&quot;yes&quot;,&quot;sticky_on&quot;:[&quot;desktop&quot;,&quot;tablet&quot;,&quot;mobile&quot;],&quot;sticky_offset&quot;:0,&quot;sticky_effects_offset&quot;:0,&quot;sticky_anchor_link_offset&quot;:0}\" data-widget_type=\"ld_custom_menu.default\">\n\t\t\t\t<div class=\"elementor-widget-container\">\n\t\t\t\t\t\n\t\t\t<div\t\t\t\tclass=\"lqd-fancy-menu lqd-custom-menu pos-abs center lqd-menu-td-none lqd-sticky-menu lqd-sticky-menu-default lqd-custom-menu-mobile-collapsible lqd-custom-menu-expand-items\"\n\t\t\t\t\t\t\t\t\tdata-pin=\"true\"\n\t\t\t\t\tdata-pin-options='{ \"start\": \"top+=1 top\", \"offset\": \"[data-sticky-header] .lqd-head-sec-wrap:not(.lqd-hide-onstuck), [data-sticky-header] .lqd-mobile-sec, #wpadminbar, body.elementor-page .main-header[data-sticky-header] > .elementor > .elementor-section-wrap > .elementor-section:not(.lqd-hide-onstuck):not(.lqd-stickybar-wrap), body.elementor-page .main-header[data-sticky-header] > .elementor > .elementor-section:not(.lqd-hide-onstuck):not(.lqd-stickybar-wrap), body.elementor-page .main-header[data-sticky-header] > .elementor > .e-con:not(.lqd-hide-onstuck):not(.lqd-stickybar-wrap)\", \"duration\": \"last-link\" }'\n\t\t\t\t\t\t\t>\n\t\t\t\t\t\t<span class=\"lqd-custom-menu-dropdown-btn d-flex align-items-center\" data-target=\"#lqd-custom-menu-6f6d531\" data-bs-target=\"#lqd-custom-menu-6f6d531\" data-toggle=\"collapse\" data-bs-toggle=\"collapse\" data-ld-toggle=\"true\" data-toggle-options='{ \"closeOnOutsideClick\": {\"ifNotIn\": \"#lqd-site-content\"} }'>\n\n\t\t\t\t\n\t\t\t\t\t\t\t\t\t<span class=\"toggle-label\">\n\t\t\t\t\t\t\t\t\t\t\t\t\tS\u0259hif\u0259 naviqasiyas\u0131\t\t\t\t\t\t\t\t\t\t\t<\/span>\n\t\t\t\t\n\t\t\t\t<span class=\"expander-icon ms-auto d-inline-flex\">\n\t\t\t\t\t<i class=\"lqd-icn-ess icon-ion-ios-arrow-down\"><\/i>\n\t\t\t\t<\/span>\n\t\t\t<\/span>\n\t\t\t\n\t\t\t\t\t\t\t<ul class=\"reset-ul inline-ul\" id=\"lqd-custom-menu-6f6d531\"  data-localscroll=\"true\" data-localscroll-options=\"{&quot;itemsSelector&quot;:&quot;&gt; li &gt; a&quot;,&quot;trackWindowScroll&quot;:true,&quot;includeParentAsOffset&quot;:true,&quot;offsetElements&quot;:&quot;[data-sticky-header] .lqd-head-sec-wrap:not(.lqd-hide-onstuck), #wpadminbar, body.elementor-page .main-header[data-sticky-header] &gt; .elementor &gt; .elementor-section-wrap &gt; .elementor-section:not(.lqd-hide-onstuck):not(.lqd-stickybar-wrap), body.elementor-page .main-header[data-sticky-header] &gt; .elementor &gt; .elementor-section:not(.lqd-hide-onstuck):not(.lqd-stickybar-wrap), body.elementor-page .main-header[data-sticky-header] &gt; .elementor &gt; .e-con:not(.lqd-hide-onstuck):not(.lqd-stickybar-wrap)&quot;}\">\n\t\t\t\t\n\t\t\t\t\t\t<li>\n\t\t\t\t\t\t\t<a  href=\"#history\" target=\"_self\" >\n\n\t\t\t\t\t\t\t\t\t\t\t\t\t\t\t\t\t<span class=\"link-icon d-inline-flex hide-if-empty left-icon icon-next-to-label\"><\/span>\n\t\t\t\t\t\t\t\t\n\t\t\t\t\t\t\t\t\t\t\t\t\t\t\t\t\tWho are we?\t\t\t\t\t\t\t\t\t\t\t\t\t\t\t\t\t\t\t\t\t\t\t<\/a>\n\t\t\t\t\t\t\t\t\t\t\t\t\t<\/li>\n\n\t\t\t\t\t\t\n\t\t\t\t\t\t<li>\n\t\t\t\t\t\t\t<a  href=\"#stat\" target=\"_self\" >\n\n\t\t\t\t\t\t\t\t\t\t\t\t\t\t\t\t\t<span class=\"link-icon d-inline-flex hide-if-empty left-icon icon-next-to-label\"><\/span>\n\t\t\t\t\t\t\t\t\n\t\t\t\t\t\t\t\t\t\t\t\t\t\t\t\t\tStatistics\t\t\t\t\t\t\t\t\t\t\t\t\t\t\t\t\t\t\t\t\t\t\t<\/a>\n\t\t\t\t\t\t\t\t\t\t\t\t\t<\/li>\n\n\t\t\t\t\t\t\n\t\t\t\t\t\t<li>\n\t\t\t\t\t\t\t<a  href=\"#video-teqdimat\" target=\"_self\" >\n\n\t\t\t\t\t\t\t\t\t\t\t\t\t\t\t\t\t<span class=\"link-icon d-inline-flex hide-if-empty left-icon icon-next-to-label\"><\/span>\n\t\t\t\t\t\t\t\t\n\t\t\t\t\t\t\t\t\t\t\t\t\t\t\t\t\tVideo presentation\t\t\t\t\t\t\t\t\t\t\t\t\t\t\t\t\t\t\t\t\t\t\t<\/a>\n\t\t\t\t\t\t\t\t\t\t\t\t\t<\/li>\n\n\t\t\t\t\t\t\n\t\t\t\t\t\t<li>\n\t\t\t\t\t\t\t<a  href=\"#terefdaslar\" target=\"_self\" >\n\n\t\t\t\t\t\t\t\t\t\t\t\t\t\t\t\t\t<span class=\"link-icon d-inline-flex hide-if-empty left-icon icon-next-to-label\"><\/span>\n\t\t\t\t\t\t\t\t\n\t\t\t\t\t\t\t\t\t\t\t\t\t\t\t\t\tOur partners\t\t\t\t\t\t\t\t\t\t\t\t\t\t\t\t\t\t\t\t\t\t\t<\/a>\n\t\t\t\t\t\t\t\t\t\t\t\t\t<\/li>\n\n\t\t\t\t\t\t\t\t\t\t<\/ul>\n\t\t\t\t\t\t\t\t\t<\/div>\n\t\t\t\t\t\t<\/div>\n\t\t\t\t<\/div>\n\t\t\t\t\t<\/div>\n\t\t<\/div>\n\t\t\t\t\t<\/div>\n\t\t<\/section>\n\t\t\t\t<section class=\"elementor-section elementor-top-section elementor-element elementor-element-33cc7514 elementor-section-boxed elementor-section-height-default elementor-section-height-default\" data-id=\"33cc7514\" data-element_type=\"section\" id=\"history\">\n\t\t\t\t\t\t<div class=\"elementor-container elementor-column-gap-default\">\n\t\t\t\t\t<div class=\"elementor-column elementor-col-50 elementor-top-column elementor-element elementor-element-57a414fb\" data-id=\"57a414fb\" data-element_type=\"column\">\n\t\t\t<div class=\"elementor-widget-wrap elementor-element-populated\">\n\t\t\t\t\t\t<div class=\"elementor-element elementor-element-4401c08a elementor-widget__width-auto elementor-widget elementor-widget-ld_fancy_image\" data-id=\"4401c08a\" data-element_type=\"widget\" data-widget_type=\"ld_fancy_image.default\">\n\t\t\t\t<div class=\"elementor-widget-container\">\n\t\t\t\t\t\n\t\t<div class=\"lqd-imggrp-single d-block pos-rel\" data-shadow-style=\"4\">\n\t\t\t<div class=\"lqd-imggrp-img-container d-inline-flex pos-rel align-items-center justify-content-center\">\n\t\t\t\t\t\t\t\t<figure class=\"w-100 pos-rel\">\n\t\t\t\t\t<img fetchpriority=\"high\" decoding=\"async\" width=\"528\" height=\"708\" src=\"https:\/\/proven.az\/wp-content\/uploads\/2021\/01\/Image-1@2x-1.jpg\" class=\"attachment-full size-full wp-image-4566\" alt=\"\" srcset=\"https:\/\/proven.az\/wp-content\/uploads\/2021\/01\/Image-1@2x-1.jpg 528w, https:\/\/proven.az\/wp-content\/uploads\/2021\/01\/Image-1@2x-1-224x300.jpg 224w, https:\/\/proven.az\/wp-content\/uploads\/2021\/01\/Image-1@2x-1-9x12.jpg 9w\" sizes=\"(max-width: 528px) 100vw, 528px\" itemprop=\"image\" \/>\t\t\t\t\t\t\t\t\t\t\t\t\t\t\t\t\t\t\t\t\t\t\t\t\t\t\t\t\t<\/figure>\n\t\t\t<\/div>\n\t\t<\/div>\n\n\t\t\t\t\t<\/div>\n\t\t\t\t<\/div>\n\t\t\t\t<div class=\"elementor-element elementor-element-55843b88 elementor-widget__width-auto elementor-absolute elementor-widget elementor-widget-ld_fancy_image\" data-id=\"55843b88\" data-element_type=\"widget\" data-settings=\"{&quot;_position&quot;:&quot;absolute&quot;}\" data-widget_type=\"ld_fancy_image.default\">\n\t\t\t\t<div class=\"elementor-widget-container\">\n\t\t\t\t\t\n\t\t<div class=\"lqd-imggrp-single d-block pos-rel\" data-shadow-style=\"4\">\n\t\t\t<div class=\"lqd-imggrp-img-container d-inline-flex pos-rel align-items-center justify-content-center\">\n\t\t\t\t\t\t\t\t<figure class=\"w-100 pos-rel\">\n\t\t\t\t\t<img decoding=\"async\" width=\"602\" height=\"778\" src=\"data:image\/svg+xml;charset=utf-8,%3Csvg xmlns%3D&#039;http%3A%2F%2Fwww.w3.org%2F2000%2Fsvg&#039; viewBox%3D&#039;0 0 602 778&#039;%2F%3E\" class=\"attachment-full size-full wp-image-6084 ld-lazyload\" alt=\"\" itemprop=\"image\" data-src=\"https:\/\/proven.az\/wp-content\/uploads\/2021\/09\/Image-2@2x.jpeg\" data-srcset=\"https:\/\/proven.az\/wp-content\/uploads\/2021\/09\/Image-2@2x.jpeg 602w, https:\/\/proven.az\/wp-content\/uploads\/2021\/09\/Image-2@2x-232x300.jpeg 232w, https:\/\/proven.az\/wp-content\/uploads\/2021\/09\/Image-2@2x-9x12.jpeg 9w, https:\/\/proven.az\/wp-content\/uploads\/2021\/09\/Image-2@2x-600x775.jpeg 600w\" data-sizes=\"(max-width: 602px) 100vw, 602px\" data-aspect=\"0.77377892030848\" \/>\t\t\t\t\t\t\t\t\t\t\t\t\t\t\t\t\t\t\t\t\t\t\t\t\t\t\t\t\t<\/figure>\n\t\t\t<\/div>\n\t\t<\/div>\n\n\t\t\t\t\t<\/div>\n\t\t\t\t<\/div>\n\t\t\t\t\t<\/div>\n\t\t<\/div>\n\t\t\t\t<div class=\"elementor-column elementor-col-50 elementor-top-column elementor-element elementor-element-3a998a8e\" data-id=\"3a998a8e\" data-element_type=\"column\">\n\t\t\t<div class=\"elementor-widget-wrap elementor-element-populated\">\n\t\t\t\t\t\t<section class=\"elementor-section elementor-inner-section elementor-element elementor-element-1c4249f6 elementor-section-boxed elementor-section-height-default elementor-section-height-default\" data-id=\"1c4249f6\" data-element_type=\"section\">\n\t\t\t\t\t\t<div class=\"elementor-container elementor-column-gap-default\">\n\t\t\t\t\t<div class=\"elementor-column elementor-col-100 elementor-inner-column elementor-element elementor-element-4c7f6fad\" data-id=\"4c7f6fad\" data-element_type=\"column\">\n\t\t\t<div class=\"elementor-widget-wrap elementor-element-populated\">\n\t\t\t\t\t\t<div class=\"elementor-element elementor-element-b95084a elementor-widget elementor-widget-heading\" data-id=\"b95084a\" data-element_type=\"widget\" data-widget_type=\"heading.default\">\n\t\t\t\t<div class=\"elementor-widget-container\">\n\t\t\t\t\t<h3 class=\"elementor-heading-title elementor-size-default\">Who are we?<\/h3>\t\t\t\t<\/div>\n\t\t\t\t<\/div>\n\t\t\t\t\t<\/div>\n\t\t<\/div>\n\t\t\t\t\t<\/div>\n\t\t<\/section>\n\t\t\t\t<div class=\"elementor-element elementor-element-d0e686c elementor-widget elementor-widget-spacer\" data-id=\"d0e686c\" data-element_type=\"widget\" data-widget_type=\"spacer.default\">\n\t\t\t\t<div class=\"elementor-widget-container\">\n\t\t\t\t\t\t\t<div class=\"elementor-spacer\">\n\t\t\t<div class=\"elementor-spacer-inner\"><\/div>\n\t\t<\/div>\n\t\t\t\t\t\t<\/div>\n\t\t\t\t<\/div>\n\t\t\t\t<div class=\"elementor-element elementor-element-bc309c4 elementor-widget elementor-widget-text-editor\" data-id=\"bc309c4\" data-element_type=\"widget\" data-widget_type=\"text-editor.default\">\n\t\t\t\t<div class=\"elementor-widget-container\">\n\t\t\t\t\t\t\t\t\t<p><strong>Proven Furniture \u2013 <\/strong><strong>\u00a0Metal v\u0259 Taxta Mebell\u0259rd\u0259 Y\u00fcks\u0259k Standartlar<\/strong><\/p><p>Proven Furniture, metal mebell\u0259rd\u0259 m\u00fcasir dizayn v\u0259 y\u00fcks\u0259k keyfiyy\u0259tin m\u00fck\u0259mm\u0259l birl\u0259\u015fm\u0259sini t\u0259qdim edir. Metal mebel istehsal\u0131nda qazand\u0131\u011f\u0131m\u0131z geni\u015f t\u0259cr\u00fcb\u0259 il\u0259 m\u00fc\u015ft\u0259ril\u0259rimizin ehtiyaclar\u0131n\u0131 \u0259n y\u00fcks\u0259k s\u0259viyy\u0259d\u0259 qar\u015f\u0131lay\u0131r\u0131q. Bizim m\u0259qs\u0259dimiz, h\u0259r bir m\u00fc\u015ft\u0259rimiz\u0259 davaml\u0131, estetik v\u0259 funksional mebel t\u0259qdim etm\u0259kdir.<\/p><p><strong>Metal Mebel Kateqoriyalar\u0131<\/strong> Proven Furniture, geni\u015f metal mebel \u00e7e\u015fidl\u0259ri il\u0259 h\u0259r n\u00f6v m\u0259kan \u00fc\u00e7\u00fcn ideal h\u0259ll\u0259r t\u0259qdim edir. M\u0259hsul portfelimizd\u0259 metal masalardan, , funksional metal kitabxanalardan v\u0259 r\u0259fl\u0259rd\u0259n tutmu\u015f, m\u00fcasir dizaynl\u0131 metal dolablar v\u0259 anbar \u00a0stellajlar\u0131na q\u0259d\u0259r m\u00fcxt\u0259lif se\u00e7iml\u0259r m\u00f6vcuddur. H\u0259r bir m\u0259hsulumuz, m\u00fcasir dizayn prinsipl\u0259rin\u0259 uy\u011fun haz\u0131rlan\u0131r v\u0259 keyfiyy\u0259tli materiallardan istehsal edilir.<\/p><p><strong>Taxta Mebell\u0259r<\/strong> Metal mebell\u0259rl\u0259 yana\u015f\u0131, Proven Furniture taxta mebell\u0259ri d\u0259 istehsal edir. Taxta mebell\u0259rimiz, estetik g\u00f6z\u0259lliyi v\u0259 funksionall\u0131\u011f\u0131 il\u0259 m\u0259kan\u0131n\u0131za x\u00fcsusi bir hava qat\u0131r. \u0130st\u0259r ma\u011fazalar, ist\u0259r ofis, ist\u0259rs\u0259 d\u0259 ia\u015f\u0259 obyektl\u0259ri m\u0259kanlar\u0131 \u00fc\u00e7\u00fcn m\u00fck\u0259mm\u0259l uy\u011funla\u015fan taxta mebell\u0259rimiz m\u00fcxt\u0259lif t\u0259l\u0259bl\u0259r\u0259 cavab verir.<\/p><p><strong>B\u00f6y\u00fck H\u0259cmli Layih\u0259l\u0259r<\/strong> Proven Furniture, b\u00f6y\u00fck h\u0259cmli layih\u0259l\u0259rin icras\u0131nda da m\u00fct\u0259x\u0259ssis yana\u015fmas\u0131 il\u0259 tan\u0131n\u0131r. \u0130st\u0259diyiniz h\u0259r \u00f6l\u00e7\u00fcd\u0259 v\u0259 h\u0259r n\u00f6vd\u0259 metal v\u0259 taxta mebell\u0259rin layih\u0259l\u0259ndirilm\u0259si v\u0259 istehsal\u0131 \u00fczr\u0259 pe\u015f\u0259kar xidm\u0259t t\u0259qdim edirik. Ofisl\u0259r, ma\u011fazalar v\u0259 dig\u0259r geni\u015f m\u0259kanlar \u00fc\u00e7\u00fcn x\u00fcsusi dizaynl\u0131 mebell\u0259rin istehsal\u0131 v\u0259 qura\u015fd\u0131r\u0131lmas\u0131 xidm\u0259tl\u0259rimiz il\u0259 m\u00fc\u015ft\u0259ril\u0259rimizin y\u00fcks\u0259k standartlara uy\u011fun n\u0259tic\u0259l\u0259r \u0259ld\u0259 etm\u0259l\u0259rini t\u0259min edirik.<\/p><p><strong>Niy\u0259 Proven Furniture?<\/strong> Proven Furniture, metal v\u0259 taxta mebell\u0259rd\u0259 m\u00fck\u0259mm\u0259lliyi t\u0259min ed\u0259r\u0259k m\u00fc\u015ft\u0259ri m\u0259mnuniyy\u0259tini\u00a0 \u00f6n planda tutan bir markad\u0131r. Biz, y\u00fcks\u0259k keyfiyy\u0259tli materiallar v\u0259 m\u00fcasir istehsal texnologiyalar\u0131 il\u0259 h\u0259r bir m\u0259hsulumuzu n\u0259z\u0259r\u0259\u00e7arpan d\u0259r\u0259c\u0259d\u0259 uzun \u00f6m\u00fcrl\u00fc v\u0259 estetik hala g\u0259tiririk.<\/p><p>Biziml\u0259 \u0259m\u0259kda\u015fl\u0131q etm\u0259yiniz, yaln\u0131z vizual olaraq cazib\u0259dar deyil, h\u0259m d\u0259 funksional v\u0259 davaml\u0131 mebell\u0259rl\u0259 tan\u0131\u015f olmaq dem\u0259kdir. Proven Furniture, m\u00fc\u015ft\u0259ri ehtiyaclar\u0131na uy\u011fun f\u0259rdil\u0259\u015fdirilmi\u015f h\u0259ll\u0259r t\u0259qdim ed\u0259r\u0259k, h\u0259r bir m\u0259kan\u0131n \u00f6z\u00fcn\u0259xas \u00fcslubunu v\u0259 funksionall\u0131\u011f\u0131n\u0131 art\u0131rma\u011f\u0131 h\u0259d\u0259fl\u0259yir.<\/p>\t\t\t\t\t\t\t\t<\/div>\n\t\t\t\t<\/div>\n\t\t\t\t<section class=\"elementor-section elementor-inner-section elementor-element elementor-element-174cd8a8 elementor-section-boxed elementor-section-height-default elementor-section-height-default\" data-id=\"174cd8a8\" data-element_type=\"section\">\n\t\t\t\t\t\t<div class=\"elementor-container elementor-column-gap-no\">\n\t\t\t\t\t<div class=\"elementor-column elementor-col-100 elementor-inner-column elementor-element elementor-element-e303de2\" data-id=\"e303de2\" data-element_type=\"column\">\n\t\t\t<div class=\"elementor-widget-wrap\">\n\t\t\t\t\t\t\t<\/div>\n\t\t<\/div>\n\t\t\t\t\t<\/div>\n\t\t<\/section>\n\t\t\t\t\t<\/div>\n\t\t<\/div>\n\t\t\t\t\t<\/div>\n\t\t<\/section>\n\t\t\t\t<\/div>","protected":false},"excerpt":{"rendered":"<p>Haqq\u0131m\u0131zda .elementor > .elementor-section-wrap > .elementor-section:not(.lqd-hide-onstuck):not(.lqd-stickybar-wrap), body.elementor-page .main-header[data-sticky-header] > .elementor > .elementor-section:not(.lqd-hide-onstuck):not(.lqd-stickybar-wrap), body.elementor-page .main-header[data-sticky-header] > .elementor > .e-con:not(.lqd-hide-onstuck):not(.lqd-stickybar-wrap)&#8221;, &#8220;duration&#8221;: &#8220;last-link&#8221; }&#8217; data-move-element='{ &#8220;target&#8221;: &#8220;.vc_row&#8221; }&#8217; > S\u0259hif\u0259 naviqasiyas\u0131 Biz kimik? Statistika Video t\u0259qdimat T\u0259r\u0259fda\u015flar\u0131m\u0131z Biz kimik? Proven Furniture \u2013 \u00a0Metal v\u0259 Taxta Mebell\u0259rd\u0259 Y\u00fcks\u0259k Standartlar Proven Furniture, metal mebell\u0259rd\u0259 m\u00fcasir dizayn v\u0259 y\u00fcks\u0259k keyfiyy\u0259tin m\u00fck\u0259mm\u0259l [&hellip;]<\/p>","protected":false},"author":1,"featured_media":0,"parent":0,"menu_order":0,"comment_status":"closed","ping_status":"closed","template":"","meta":{"footnotes":""},"class_list":["post-6080","page","type-page","status-publish","hentry"],"_links":{"self":[{"href":"https:\/\/proven.az\/en\/wp-json\/wp\/v2\/pages\/6080","targetHints":{"allow":["GET"]}}],"collection":[{"href":"https:\/\/proven.az\/en\/wp-json\/wp\/v2\/pages"}],"about":[{"href":"https:\/\/proven.az\/en\/wp-json\/wp\/v2\/types\/page"}],"author":[{"embeddable":true,"href":"https:\/\/proven.az\/en\/wp-json\/wp\/v2\/users\/1"}],"replies":[{"embeddable":true,"href":"https:\/\/proven.az\/en\/wp-json\/wp\/v2\/comments?post=6080"}],"version-history":[{"count":79,"href":"https:\/\/proven.az\/en\/wp-json\/wp\/v2\/pages\/6080\/revisions"}],"predecessor-version":[{"id":7358,"href":"https:\/\/proven.az\/en\/wp-json\/wp\/v2\/pages\/6080\/revisions\/7358"}],"wp:attachment":[{"href":"https:\/\/proven.az\/en\/wp-json\/wp\/v2\/media?parent=6080"}],"curies":[{"name":"wp","href":"https:\/\/api.w.org\/{rel}","templated":true}]}}