{"id":6199,"date":"2021-09-22T10:04:28","date_gmt":"2021-09-22T10:04:28","guid":{"rendered":"https:\/\/corporate.liquid-themes.com\/elementor\/?page_id=6199"},"modified":"2024-11-07T12:47:14","modified_gmt":"2024-11-07T12:47:14","slug":"ofis-mehsullarinin-topdan-satisi","status":"publish","type":"page","link":"https:\/\/proven.az\/en\/istehsal-sahelerimiz\/ofis-mehsullarinin-topdan-satisi\/","title":{"rendered":"Wholesale of office supplies"},"content":{"rendered":"<div data-elementor-type=\"wp-page\" data-elementor-id=\"6199\" class=\"elementor elementor-6199\" data-elementor-post-type=\"page\">\n\t\t\t\t\t\t<section class=\"elementor-section elementor-top-section elementor-element elementor-element-b8ec16e elementor-section-full_width elementor-section-height-default elementor-section-height-default\" data-id=\"b8ec16e\" data-element_type=\"section\" data-settings=\"{&quot;background_background&quot;:&quot;classic&quot;}\">\n\t\t\t\t\t\t<div class=\"elementor-container elementor-column-gap-default\">\n\t\t\t\t\t<div class=\"elementor-column elementor-col-100 elementor-top-column elementor-element elementor-element-6a69f38\" data-id=\"6a69f38\" data-element_type=\"column\">\n\t\t\t<div class=\"elementor-widget-wrap elementor-element-populated\">\n\t\t\t\t\t\t<div class=\"elementor-element elementor-element-2b9585f elementor-widget elementor-widget-spacer\" data-id=\"2b9585f\" data-element_type=\"widget\" data-widget_type=\"spacer.default\">\n\t\t\t\t<div class=\"elementor-widget-container\">\n\t\t\t\t\t\t\t<div class=\"elementor-spacer\">\n\t\t\t<div class=\"elementor-spacer-inner\"><\/div>\n\t\t<\/div>\n\t\t\t\t\t\t<\/div>\n\t\t\t\t<\/div>\n\t\t\t\t<div class=\"elementor-element elementor-element-93c7fb4 elementor-widget elementor-widget-heading\" data-id=\"93c7fb4\" data-element_type=\"widget\" data-widget_type=\"heading.default\">\n\t\t\t\t<div class=\"elementor-widget-container\">\n\t\t\t\t\t<h2 class=\"elementor-heading-title elementor-size-xl\">Office furniture<\/h2>\t\t\t\t<\/div>\n\t\t\t\t<\/div>\n\t\t\t\t\t<\/div>\n\t\t<\/div>\n\t\t\t\t\t<\/div>\n\t\t<\/section>\n\t\t\t\t<section class=\"elementor-section elementor-top-section elementor-element elementor-element-fed2041 elementor-section-boxed elementor-section-height-default elementor-section-height-default\" data-id=\"fed2041\" data-element_type=\"section\" id=\"history\">\n\t\t\t\t\t\t<div class=\"elementor-container elementor-column-gap-default\">\n\t\t\t\t\t<div class=\"elementor-column elementor-col-50 elementor-top-column elementor-element elementor-element-7a1c577\" data-id=\"7a1c577\" data-element_type=\"column\">\n\t\t\t<div class=\"elementor-widget-wrap elementor-element-populated\">\n\t\t\t\t\t\t<div class=\"elementor-element elementor-element-a31a99b elementor-widget__width-initial elementor-widget elementor-widget-ld_fancy_image\" data-id=\"a31a99b\" data-element_type=\"widget\" data-widget_type=\"ld_fancy_image.default\">\n\t\t\t\t<div class=\"elementor-widget-container\">\n\t\t\t\t\t\n\t\t<div class=\"lqd-imggrp-single d-block pos-rel\" data-shadow-style=\"4\">\n\t\t\t<div class=\"lqd-imggrp-img-container d-inline-flex pos-rel align-items-center justify-content-center\">\n\t\t\t\t\t\t\t\t<figure class=\"w-100 pos-rel\">\n\t\t\t\t\t<img fetchpriority=\"high\" decoding=\"async\" width=\"564\" height=\"845\" src=\"https:\/\/proven.az\/wp-content\/uploads\/2024\/10\/offis-mebelleri-bolmesi-cover-photo.jpg\" class=\"attachment-full size-full wp-image-7190\" alt=\"\" srcset=\"https:\/\/proven.az\/wp-content\/uploads\/2024\/10\/offis-mebelleri-bolmesi-cover-photo.jpg 564w, https:\/\/proven.az\/wp-content\/uploads\/2024\/10\/offis-mebelleri-bolmesi-cover-photo-200x300.jpg 200w, https:\/\/proven.az\/wp-content\/uploads\/2024\/10\/offis-mebelleri-bolmesi-cover-photo-8x12.jpg 8w\" sizes=\"(max-width: 564px) 100vw, 564px\" itemprop=\"image\" \/>\t\t\t\t\t\t\t\t\t\t\t\t\t\t\t\t\t\t\t\t\t\t\t\t\t\t\t\t\t<\/figure>\n\t\t\t<\/div>\n\t\t<\/div>\n\n\t\t\t\t\t<\/div>\n\t\t\t\t<\/div>\n\t\t\t\t\t<\/div>\n\t\t<\/div>\n\t\t\t\t<div data-custom-animations=\"true\" data-ca-options=\"{&quot;addChildTimelines&quot;:false,&quot;trigger&quot;:&quot;firstChild&quot;,&quot;animationTarget&quot;:&quot;:scope &gt; .elementor-widget-wrap &gt; .elementor-element &gt; .elementor-widget-container, :scope &gt; .elementor-widget-wrap &gt; .elementor-section &gt; .elementor-container &gt; .elementor-column &gt; .elementor-widget-wrap &gt; .elementor-element:not(.lqd-el-has-inner-anim) &gt; .elementor-widget-container, :scope &gt; .elementor-widget-wrap &gt; .elementor-widget-hub_fancy_heading .lqd-split-lines .lqd-lines .split-inner, :scope &gt; .elementor-widget-wrap &gt; .elementor-widget-hub_fancy_heading .lqd-split-words .lqd-words .split-inner, :scope &gt; .elementor-widget-wrap &gt; .elementor-widget-hub_fancy_heading .lqd-split-chars .lqd-chars .split-inner, :scope &gt; .elementor-widget-wrap &gt; .elementor-widget-ld_custom_menu .lqd-fancy-menu &gt; ul &gt; li&quot;,&quot;startDelay&quot;:500,&quot;delay&quot;:120,&quot;ease&quot;:[&quot;power4.out&quot;],&quot;initValues&quot;:{&quot;y&quot;:&quot;45px&quot;,&quot;opacity&quot;:0,&quot;transformOrigin&quot;:&quot;50% 50% 0px&quot;},&quot;animations&quot;:{&quot;y&quot;:&quot;0px&quot;,&quot;opacity&quot;:1,&quot;transformOrigin&quot;:&quot;50% 50% 0px&quot;}}\" class=\"elementor-column elementor-col-50 elementor-top-column elementor-element elementor-element-7334d4a\" data-id=\"7334d4a\" data-element_type=\"column\">\n\t\t\t<div class=\"elementor-widget-wrap elementor-element-populated\">\n\t\t\t\t\t\t<div class=\"elementor-element elementor-element-2872b77 elementor-widget elementor-widget-spacer\" data-id=\"2872b77\" data-element_type=\"widget\" data-widget_type=\"spacer.default\">\n\t\t\t\t<div class=\"elementor-widget-container\">\n\t\t\t\t\t\t\t<div class=\"elementor-spacer\">\n\t\t\t<div class=\"elementor-spacer-inner\"><\/div>\n\t\t<\/div>\n\t\t\t\t\t\t<\/div>\n\t\t\t\t<\/div>\n\t\t\t\t<div class=\"elementor-element elementor-element-6a1939a elementor-widget elementor-widget-hub_fancy_heading\" data-id=\"6a1939a\" data-element_type=\"widget\" data-widget_type=\"hub_fancy_heading.default\">\n\t\t\t\t<div class=\"elementor-widget-container\">\n\t\t\t\t\t\n\t\t<div id=\"ld-fancy-heading-69f17f49c97f7\" class=\"ld-fancy-heading pos-rel\">\n\t\t\t<p class=\"ld-fh-element d-inline-block pos-rel  lqd-highlight-classic lqd-highlight-grow-left p\"  > \"Proven\" ofis mebell\u0259ri, i\u015f m\u00fchitinizi daha funksional, rahat v\u0259 estetik c\u0259h\u0259td\u0259n c\u0259lbedici etm\u0259k \u00fc\u00e7\u00fcn m\u00fck\u0259mm\u0259l se\u00e7iml\u0259r t\u0259klif edir. M\u00fcasir v\u0259 klassik dizaynlarla, h\u0259r n\u00f6v ofis t\u0259l\u0259bat\u0131na cavab ver\u0259n geni\u015f mebel \u00e7e\u015fidimiz var. \u0130st\u0259r i\u015f masalar\u0131, ist\u0259r ergonomik ofis kreslolar\u0131, ist\u0259rs\u0259 d\u0259 \u015fkaf v\u0259 r\u0259fl\u0259r olsun, biz \u0259n y\u00fcks\u0259k keyfiyy\u0259t standartlar\u0131na uy\u011fun m\u0259hsullar t\u0259qdim edirik.<\/p>\t\t<\/div>\n\n\t\t\t\t\t\t<\/div>\n\t\t\t\t<\/div>\n\t\t\t\t\t<\/div>\n\t\t<\/div>\n\t\t\t\t\t<\/div>\n\t\t<\/section>\n\t\t\t\t<section class=\"elementor-section elementor-top-section elementor-element elementor-element-ada1fe6 elementor-section-content-middle elementor-section-boxed elementor-section-height-default elementor-section-height-default\" data-id=\"ada1fe6\" data-element_type=\"section\" id=\"consultancy\">\n\t\t\t\t\t\t<div class=\"elementor-container elementor-column-gap-default\">\n\t\t\t\t\t<div class=\"elementor-column elementor-col-100 elementor-top-column elementor-element elementor-element-7f061a9\" data-id=\"7f061a9\" data-element_type=\"column\">\n\t\t\t<div class=\"elementor-widget-wrap elementor-element-populated\">\n\t\t\t\t\t\t<div class=\"elementor-element elementor-element-04b9c56 elementor-widget elementor-widget-hub_fancy_heading\" data-id=\"04b9c56\" data-element_type=\"widget\" data-widget_type=\"hub_fancy_heading.default\">\n\t\t\t\t<div class=\"elementor-widget-container\">\n\t\t\t\t\t\n\t\t<div id=\"ld-fancy-heading-69f17f49c9c36\" class=\"ld-fancy-heading pos-rel\">\n\t\t\t<h2 class=\"ld-fh-element d-inline-block pos-rel  elementor-heading-title lqd-highlight-classic lqd-highlight-grow-left h2\"  > Disclosure<\/h2>\t\t<\/div>\n\n\t\t\t\t\t\t<\/div>\n\t\t\t\t<\/div>\n\t\t\t\t<div class=\"elementor-element elementor-element-a0addef elementor-widget elementor-widget-text-editor\" data-id=\"a0addef\" data-element_type=\"widget\" data-widget_type=\"text-editor.default\">\n\t\t\t\t<div class=\"elementor-widget-container\">\n\t\t\t\t\t\t\t\t\t<div><h3>Ofis Mebell\u0259rind\u0259 Keyfiyy\u0259t v\u0259 Funksionall\u0131q<\/h3><p>\u0130\u015f m\u00fchitinizin effektivliyi \u00fc\u00e7\u00fcn d\u00fczg\u00fcn ofis mebeli se\u00e7imi vacibdir. &#8220;Proven&#8221; olaraq biz, uzun \u00f6m\u00fcrl\u00fc v\u0259 davaml\u0131 materiallardan haz\u0131rlanm\u0131\u015f ofis mebell\u0259ri il\u0259 sizin m\u0259hsuldarl\u0131\u011f\u0131n\u0131z\u0131 art\u0131rma\u011f\u0131 h\u0259d\u0259fl\u0259yirik. Rahatl\u0131q v\u0259 ergonomika prinsipl\u0259rin\u0259 uy\u011fun dizayn olunmu\u015f ofis kreslolar\u0131 v\u0259 masalar\u0131 say\u0259sind\u0259 i\u015f\u00e7il\u0259rinizin sa\u011flaml\u0131\u011f\u0131 v\u0259 rahatl\u0131\u011f\u0131 t\u0259min olunur.<\/p><p><img decoding=\"async\" class=\"size-medium wp-image-7160 aligncenter\" src=\"https:\/\/proven.az\/wp-content\/uploads\/2024\/10\/3dd586ca1a4b4158c890d5a1dfc7f59d-240x300.jpg\" alt=\"\" width=\"240\" height=\"300\" srcset=\"https:\/\/proven.az\/wp-content\/uploads\/2024\/10\/3dd586ca1a4b4158c890d5a1dfc7f59d-240x300.jpg 240w, https:\/\/proven.az\/wp-content\/uploads\/2024\/10\/3dd586ca1a4b4158c890d5a1dfc7f59d-10x12.jpg 10w, https:\/\/proven.az\/wp-content\/uploads\/2024\/10\/3dd586ca1a4b4158c890d5a1dfc7f59d.jpg 736w\" sizes=\"(max-width: 240px) 100vw, 240px\" \/><\/p><h3>Estetik v\u0259 Uy\u011funla\u015fan Dizaynlar<\/h3><p>Ofis mebell\u0259rimiz yaln\u0131z funksional deyil, h\u0259m d\u0259 estetik bax\u0131mdan c\u0259lbedicidir. M\u00fcxt\u0259lif r\u0259ng v\u0259 material se\u00e7iml\u0259ri il\u0259 mebell\u0259rimiz, ist\u0259nil\u0259n ofis interyerin\u0259 uy\u011funla\u015fd\u0131r\u0131la bil\u0259r. Sizin \u00fc\u00e7\u00fcn x\u00fcsusi layih\u0259l\u0259r haz\u0131rlayaraq, ofisiniz\u0259 f\u0259rdi \u00fcslub v\u0259 \u015f\u0259xsiyy\u0259t qatmaqda da k\u00f6m\u0259k edirik.<\/p><p><img decoding=\"async\" class=\"size-medium wp-image-7161 aligncenter\" src=\"https:\/\/proven.az\/wp-content\/uploads\/2024\/10\/153773f8e5364e253cb03e0db617739c-200x300.jpg\" alt=\"\" width=\"200\" height=\"300\" srcset=\"https:\/\/proven.az\/wp-content\/uploads\/2024\/10\/153773f8e5364e253cb03e0db617739c-200x300.jpg 200w, https:\/\/proven.az\/wp-content\/uploads\/2024\/10\/153773f8e5364e253cb03e0db617739c-8x12.jpg 8w, https:\/\/proven.az\/wp-content\/uploads\/2024\/10\/153773f8e5364e253cb03e0db617739c.jpg 564w\" sizes=\"(max-width: 200px) 100vw, 200px\" \/><\/p><h3>Ofis Mebell\u0259rinin Faydalar\u0131<\/h3><ul><li><strong>Ergonomik dizayn<\/strong> i\u015f\u00e7i m\u0259hsuldarl\u0131\u011f\u0131n\u0131 art\u0131r\u0131r v\u0259 sa\u011flaml\u0131\u011f\u0131 qoruyur.<\/li><li><strong>Keyfiyy\u0259tli materiallar<\/strong> uzun \u00f6m\u00fcrl\u00fc v\u0259 dayan\u0131ql\u0131 ofis mebeli t\u0259min edir.<\/li><li><strong>\u00c7ox\u015fax\u0259li dizaynlar<\/strong> ofisinizin estetik t\u0259l\u0259bl\u0259rin\u0259 cavab verir.<\/li><li><strong>\u0130xtisasla\u015fm\u0131\u015f h\u0259ll\u0259r<\/strong> i\u015f m\u00fchitinizi tamamlamaq v\u0259 m\u0259hsuldarl\u0131\u011f\u0131 art\u0131rmaq \u00fc\u00e7\u00fcn x\u00fcsusi layih\u0259l\u0259r t\u0259qdim edir.<\/li><\/ul><p>&#8220;Proven&#8221; ofis mebell\u0259ri il\u0259 i\u015f m\u00fchitinizin rahatl\u0131\u011f\u0131 v\u0259 funksionall\u0131\u011f\u0131n\u0131 art\u0131r\u0131n. Ofis dizayn\u0131n\u0131z\u0131 t\u0259kmill\u0259\u015fdirm\u0259k v\u0259 \u0259n uy\u011fun mebel h\u0259ll\u0259ri tapmaq \u00fc\u00e7\u00fcn bizi se\u00e7in.<\/p><p><img loading=\"lazy\" decoding=\"async\" class=\"size-medium wp-image-7162 aligncenter\" src=\"https:\/\/proven.az\/wp-content\/uploads\/2024\/10\/d696fe813ac614a21b4e05e0ce673df0-253x300.jpg\" alt=\"\" width=\"253\" height=\"300\" srcset=\"https:\/\/proven.az\/wp-content\/uploads\/2024\/10\/d696fe813ac614a21b4e05e0ce673df0-253x300.jpg 253w, https:\/\/proven.az\/wp-content\/uploads\/2024\/10\/d696fe813ac614a21b4e05e0ce673df0-10x12.jpg 10w, https:\/\/proven.az\/wp-content\/uploads\/2024\/10\/d696fe813ac614a21b4e05e0ce673df0.jpg 735w\" sizes=\"(max-width: 253px) 100vw, 253px\" \/><\/p><\/div>\t\t\t\t\t\t\t\t<\/div>\n\t\t\t\t<\/div>\n\t\t\t\t\t<\/div>\n\t\t<\/div>\n\t\t\t\t\t<\/div>\n\t\t<\/section>\n\t\t\t\t<\/div>","protected":false},"excerpt":{"rendered":"<p>Ofis mebell\u0259ri &#8220;Proven&#8221; ofis mebell\u0259ri, i\u015f m\u00fchitinizi daha funksional, rahat v\u0259 estetik c\u0259h\u0259td\u0259n c\u0259lbedici etm\u0259k \u00fc\u00e7\u00fcn m\u00fck\u0259mm\u0259l se\u00e7iml\u0259r t\u0259klif edir. M\u00fcasir v\u0259 klassik dizaynlarla, h\u0259r n\u00f6v ofis t\u0259l\u0259bat\u0131na cavab ver\u0259n geni\u015f mebel \u00e7e\u015fidimiz var. \u0130st\u0259r i\u015f masalar\u0131, ist\u0259r ergonomik ofis kreslolar\u0131, ist\u0259rs\u0259 d\u0259 \u015fkaf v\u0259 r\u0259fl\u0259r olsun, biz \u0259n y\u00fcks\u0259k keyfiyy\u0259t standartlar\u0131na uy\u011fun m\u0259hsullar t\u0259qdim [&hellip;]<\/p>","protected":false},"author":1,"featured_media":0,"parent":6168,"menu_order":0,"comment_status":"closed","ping_status":"closed","template":"","meta":{"footnotes":""},"class_list":["post-6199","page","type-page","status-publish","hentry"],"_links":{"self":[{"href":"https:\/\/proven.az\/en\/wp-json\/wp\/v2\/pages\/6199","targetHints":{"allow":["GET"]}}],"collection":[{"href":"https:\/\/proven.az\/en\/wp-json\/wp\/v2\/pages"}],"about":[{"href":"https:\/\/proven.az\/en\/wp-json\/wp\/v2\/types\/page"}],"author":[{"embeddable":true,"href":"https:\/\/proven.az\/en\/wp-json\/wp\/v2\/users\/1"}],"replies":[{"embeddable":true,"href":"https:\/\/proven.az\/en\/wp-json\/wp\/v2\/comments?post=6199"}],"version-history":[{"count":42,"href":"https:\/\/proven.az\/en\/wp-json\/wp\/v2\/pages\/6199\/revisions"}],"predecessor-version":[{"id":7288,"href":"https:\/\/proven.az\/en\/wp-json\/wp\/v2\/pages\/6199\/revisions\/7288"}],"up":[{"embeddable":true,"href":"https:\/\/proven.az\/en\/wp-json\/wp\/v2\/pages\/6168"}],"wp:attachment":[{"href":"https:\/\/proven.az\/en\/wp-json\/wp\/v2\/media?parent=6199"}],"curies":[{"name":"wp","href":"https:\/\/api.w.org\/{rel}","templated":true}]}}