{"id":6893,"date":"2024-02-02T14:37:05","date_gmt":"2024-02-02T14:37:05","guid":{"rendered":"https:\/\/proven.az\/?page_id=6893"},"modified":"2024-10-04T23:29:13","modified_gmt":"2024-10-04T23:29:13","slug":"insaat-ve-temir-materiallarinin-topdan-satisi","status":"publish","type":"page","link":"https:\/\/proven.az\/en\/istehsal-sahelerimiz\/insaat-ve-temir-materiallarinin-topdan-satisi\/","title":{"rendered":"Metal furniture"},"content":{"rendered":"<div data-elementor-type=\"wp-page\" data-elementor-id=\"6893\" class=\"elementor elementor-6893\" data-elementor-post-type=\"page\">\n\t\t\t\t\t\t<section class=\"elementor-section elementor-top-section elementor-element elementor-element-b8ec16e elementor-section-full_width elementor-section-height-default elementor-section-height-default\" data-id=\"b8ec16e\" data-element_type=\"section\" data-settings=\"{&quot;background_background&quot;:&quot;classic&quot;}\">\n\t\t\t\t\t\t<div class=\"elementor-container elementor-column-gap-default\">\n\t\t\t\t\t<div class=\"elementor-column elementor-col-100 elementor-top-column elementor-element elementor-element-6a69f38\" data-id=\"6a69f38\" data-element_type=\"column\">\n\t\t\t<div class=\"elementor-widget-wrap elementor-element-populated\">\n\t\t\t\t\t\t<div class=\"elementor-element elementor-element-2b9585f elementor-widget elementor-widget-spacer\" data-id=\"2b9585f\" data-element_type=\"widget\" data-widget_type=\"spacer.default\">\n\t\t\t\t<div class=\"elementor-widget-container\">\n\t\t\t\t\t\t\t<div class=\"elementor-spacer\">\n\t\t\t<div class=\"elementor-spacer-inner\"><\/div>\n\t\t<\/div>\n\t\t\t\t\t\t<\/div>\n\t\t\t\t<\/div>\n\t\t\t\t<div class=\"elementor-element elementor-element-93c7fb4 elementor-widget elementor-widget-heading\" data-id=\"93c7fb4\" data-element_type=\"widget\" data-widget_type=\"heading.default\">\n\t\t\t\t<div class=\"elementor-widget-container\">\n\t\t\t\t\t<h2 class=\"elementor-heading-title elementor-size-xl\">Metal furniture<\/h2>\t\t\t\t<\/div>\n\t\t\t\t<\/div>\n\t\t\t\t\t<\/div>\n\t\t<\/div>\n\t\t\t\t\t<\/div>\n\t\t<\/section>\n\t\t\t\t<section class=\"elementor-section elementor-top-section elementor-element elementor-element-fed2041 elementor-section-boxed elementor-section-height-default elementor-section-height-default\" data-id=\"fed2041\" data-element_type=\"section\" id=\"history\">\n\t\t\t\t\t\t<div class=\"elementor-container elementor-column-gap-default\">\n\t\t\t\t\t<div class=\"elementor-column elementor-col-50 elementor-top-column elementor-element elementor-element-7a1c577\" data-id=\"7a1c577\" data-element_type=\"column\">\n\t\t\t<div class=\"elementor-widget-wrap elementor-element-populated\">\n\t\t\t\t\t\t<div class=\"elementor-element elementor-element-a31a99b elementor-widget__width-initial elementor-widget elementor-widget-ld_fancy_image\" data-id=\"a31a99b\" data-element_type=\"widget\" data-widget_type=\"ld_fancy_image.default\">\n\t\t\t\t<div class=\"elementor-widget-container\">\n\t\t\t\t\t\n\t\t<div class=\"lqd-imggrp-single d-block pos-rel\" data-shadow-style=\"4\">\n\t\t\t<div class=\"lqd-imggrp-img-container d-inline-flex pos-rel align-items-center justify-content-center\">\n\t\t\t\t\t\t\t\t<figure class=\"w-100 pos-rel\">\n\t\t\t\t\t<img fetchpriority=\"high\" decoding=\"async\" width=\"563\" height=\"751\" src=\"https:\/\/proven.az\/wp-content\/uploads\/2024\/10\/metal-mebell\u0259r-bolm\u0259si-cover.jpg\" class=\"attachment-full size-full wp-image-7197\" alt=\"\" srcset=\"https:\/\/proven.az\/wp-content\/uploads\/2024\/10\/metal-mebell\u0259r-bolm\u0259si-cover.jpg 563w, https:\/\/proven.az\/wp-content\/uploads\/2024\/10\/metal-mebell\u0259r-bolm\u0259si-cover-225x300.jpg 225w, https:\/\/proven.az\/wp-content\/uploads\/2024\/10\/metal-mebell\u0259r-bolm\u0259si-cover-9x12.jpg 9w\" sizes=\"(max-width: 563px) 100vw, 563px\" itemprop=\"image\" \/>\t\t\t\t\t\t\t\t\t\t\t\t\t\t\t\t\t\t\t\t\t\t\t\t\t\t\t\t\t<\/figure>\n\t\t\t<\/div>\n\t\t<\/div>\n\n\t\t\t\t\t<\/div>\n\t\t\t\t<\/div>\n\t\t\t\t\t<\/div>\n\t\t<\/div>\n\t\t\t\t<div data-custom-animations=\"true\" data-ca-options=\"{&quot;addChildTimelines&quot;:false,&quot;trigger&quot;:&quot;firstChild&quot;,&quot;animationTarget&quot;:&quot;:scope &gt; .elementor-widget-wrap &gt; .elementor-element &gt; .elementor-widget-container, :scope &gt; .elementor-widget-wrap &gt; .elementor-section &gt; .elementor-container &gt; .elementor-column &gt; .elementor-widget-wrap &gt; .elementor-element:not(.lqd-el-has-inner-anim) &gt; .elementor-widget-container, :scope &gt; .elementor-widget-wrap &gt; .elementor-widget-hub_fancy_heading .lqd-split-lines .lqd-lines .split-inner, :scope &gt; .elementor-widget-wrap &gt; .elementor-widget-hub_fancy_heading .lqd-split-words .lqd-words .split-inner, :scope &gt; .elementor-widget-wrap &gt; .elementor-widget-hub_fancy_heading .lqd-split-chars .lqd-chars .split-inner, :scope &gt; .elementor-widget-wrap &gt; .elementor-widget-ld_custom_menu .lqd-fancy-menu &gt; ul &gt; li&quot;,&quot;startDelay&quot;:500,&quot;delay&quot;:120,&quot;ease&quot;:[&quot;power4.out&quot;],&quot;initValues&quot;:{&quot;y&quot;:&quot;45px&quot;,&quot;opacity&quot;:0,&quot;transformOrigin&quot;:&quot;50% 50% 0px&quot;},&quot;animations&quot;:{&quot;y&quot;:&quot;0px&quot;,&quot;opacity&quot;:1,&quot;transformOrigin&quot;:&quot;50% 50% 0px&quot;}}\" class=\"elementor-column elementor-col-50 elementor-top-column elementor-element elementor-element-7334d4a\" data-id=\"7334d4a\" data-element_type=\"column\">\n\t\t\t<div class=\"elementor-widget-wrap elementor-element-populated\">\n\t\t\t\t\t\t<div class=\"elementor-element elementor-element-2872b77 elementor-widget elementor-widget-spacer\" data-id=\"2872b77\" data-element_type=\"widget\" data-widget_type=\"spacer.default\">\n\t\t\t\t<div class=\"elementor-widget-container\">\n\t\t\t\t\t\t\t<div class=\"elementor-spacer\">\n\t\t\t<div class=\"elementor-spacer-inner\"><\/div>\n\t\t<\/div>\n\t\t\t\t\t\t<\/div>\n\t\t\t\t<\/div>\n\t\t\t\t<div class=\"elementor-element elementor-element-6a1939a elementor-widget elementor-widget-hub_fancy_heading\" data-id=\"6a1939a\" data-element_type=\"widget\" data-widget_type=\"hub_fancy_heading.default\">\n\t\t\t\t<div class=\"elementor-widget-container\">\n\t\t\t\t\t\n\t\t<div id=\"ld-fancy-heading-69f18058d6b18\" class=\"ld-fancy-heading pos-rel\">\n\t\t\t<p class=\"ld-fh-element d-inline-block pos-rel  lqd-highlight-classic lqd-highlight-grow-left p\"  > \"Proven\" metal mebel istehsal\u0131nda keyfiyy\u0259t, davaml\u0131l\u0131q v\u0259 funksionall\u0131\u011f\u0131 bir araya g\u0259tir\u0259r\u0259k geni\u015f m\u0259hsul \u00e7e\u015fidi t\u0259qdim edir. Metal mebell\u0259rimiz uzun \u00f6m\u00fcrl\u00fc v\u0259 z\u0259rb\u0259l\u0259r\u0259 qar\u015f\u0131 d\u00f6z\u00fcml\u00fc olmaqla yana\u015f\u0131, m\u00fcasir v\u0259 s\u0259naye \u00fcslublu interyerl\u0259r \u00fc\u00e7\u00fcn ideal se\u00e7imdir. Geni\u015f m\u0259hsul kateqoriyalar\u0131m\u0131z, m\u00fcxt\u0259lif sektorlarda istifad\u0259y\u0259 yararl\u0131 v\u0259 f\u0259rqli ehtiyaclara cavab verir.<\/p>\t\t<\/div>\n\n\t\t\t\t\t\t<\/div>\n\t\t\t\t<\/div>\n\t\t\t\t\t<\/div>\n\t\t<\/div>\n\t\t\t\t\t<\/div>\n\t\t<\/section>\n\t\t\t\t<section class=\"elementor-section elementor-top-section elementor-element elementor-element-ada1fe6 elementor-section-content-middle elementor-section-boxed elementor-section-height-default elementor-section-height-default\" data-id=\"ada1fe6\" data-element_type=\"section\" id=\"consultancy\">\n\t\t\t\t\t\t<div class=\"elementor-container elementor-column-gap-default\">\n\t\t\t\t\t<div class=\"elementor-column elementor-col-100 elementor-top-column elementor-element elementor-element-7f061a9\" data-id=\"7f061a9\" data-element_type=\"column\">\n\t\t\t<div class=\"elementor-widget-wrap elementor-element-populated\">\n\t\t\t\t\t\t<div class=\"elementor-element elementor-element-04b9c56 elementor-widget elementor-widget-hub_fancy_heading\" data-id=\"04b9c56\" data-element_type=\"widget\" data-widget_type=\"hub_fancy_heading.default\">\n\t\t\t\t<div class=\"elementor-widget-container\">\n\t\t\t\t\t\n\t\t<div id=\"ld-fancy-heading-69f18058d7025\" class=\"ld-fancy-heading pos-rel\">\n\t\t\t<h2 class=\"ld-fh-element d-inline-block pos-rel  elementor-heading-title lqd-highlight-classic lqd-highlight-grow-left h2\"  > Disclosure<\/h2>\t\t<\/div>\n\n\t\t\t\t\t\t<\/div>\n\t\t\t\t<\/div>\n\t\t\t\t<div class=\"elementor-element elementor-element-a0addef elementor-widget elementor-widget-text-editor\" data-id=\"a0addef\" data-element_type=\"widget\" data-widget_type=\"text-editor.default\">\n\t\t\t\t<div class=\"elementor-widget-container\">\n\t\t\t\t\t\t\t\t\t<div><h3>Metal Mebel Kateqoriyalar\u0131:<\/h3><ol><li><strong>Anbar \u00fc\u00e7\u00fcn Stellajlar<\/strong><br \/>Anbar v\u0259 logistika m\u0259rk\u0259zl\u0259rind\u0259 m\u0259hsul saxlama v\u0259 t\u0259\u015fkilat\u00e7\u0131l\u0131q \u00fc\u00e7\u00fcn etibarl\u0131 h\u0259ll\u0259r t\u0259qdim edirik. Stellajlar\u0131m\u0131z y\u00fcks\u0259k y\u00fck qald\u0131rma qabiliyy\u0259tin\u0259 malikdir v\u0259 maksimum dayan\u0131ql\u0131qla dizayn edilir. F\u0259rqli \u00f6l\u00e7\u00fc v\u0259 konfiqurasiyalarda istehsal olunan stellajlar anbar sah\u0259nizd\u0259n s\u0259m\u0259r\u0259li istifad\u0259 etm\u0259y\u0259 imkan yarad\u0131r.<\/li><\/ol><p><img decoding=\"async\" class=\"alignnone size-medium wp-image-7169\" src=\"https:\/\/proven.az\/wp-content\/uploads\/2024\/10\/9880b1b321562b40660409939db51142-1-1-300x300.jpg\" alt=\"\" width=\"300\" height=\"300\" srcset=\"https:\/\/proven.az\/wp-content\/uploads\/2024\/10\/9880b1b321562b40660409939db51142-1-1-300x300.jpg 300w, https:\/\/proven.az\/wp-content\/uploads\/2024\/10\/9880b1b321562b40660409939db51142-1-1-150x150.jpg 150w, https:\/\/proven.az\/wp-content\/uploads\/2024\/10\/9880b1b321562b40660409939db51142-1-1-12x12.jpg 12w, https:\/\/proven.az\/wp-content\/uploads\/2024\/10\/9880b1b321562b40660409939db51142-1-1.jpg 564w\" sizes=\"(max-width: 300px) 100vw, 300px\" \/><\/p><ol start=\"2\"><li><strong>Soyunma Dolablar\u0131<\/strong><br \/>\u0130dman zallar\u0131, ofisl\u0259r, m\u0259kt\u0259bl\u0259r v\u0259 istehsalat m\u00fc\u0259ssis\u0259l\u0259ri \u00fc\u00e7\u00fcn metal soyunma dolablar\u0131 \u0259n praktik v\u0259 davaml\u0131 se\u00e7iml\u0259rd\u0259ndir. Paslanmaya qar\u015f\u0131 x\u00fcsusi \u00f6rt\u00fckl\u0259 qorunan bu dolablar t\u0259hl\u00fck\u0259sizlik v\u0259 \u015f\u0259xsi \u0259\u015fyalar\u0131n saxlanmas\u0131 \u00fc\u00e7\u00fcn ideal h\u0259ll t\u0259qdim edir.<\/li><\/ol><p><img decoding=\"async\" class=\"alignnone size-medium wp-image-7170\" src=\"https:\/\/proven.az\/wp-content\/uploads\/2024\/10\/a-132x300.png\" alt=\"\" width=\"132\" height=\"300\" srcset=\"https:\/\/proven.az\/wp-content\/uploads\/2024\/10\/a-132x300.png 132w, https:\/\/proven.az\/wp-content\/uploads\/2024\/10\/a-5x12.png 5w, https:\/\/proven.az\/wp-content\/uploads\/2024\/10\/a.png 199w\" sizes=\"(max-width: 132px) 100vw, 132px\" \/><\/p><p>\u00a0<\/p><ol start=\"3\"><li><strong>Metal Seyfl\u0259r<\/strong><br \/>T\u0259hl\u00fck\u0259sizlik v\u0259 gizliliyin \u0259n \u00f6n planda oldu\u011fu metal seyfl\u0259rimiz y\u00fcks\u0259k t\u0259hl\u00fck\u0259sizlik standartlar\u0131na cavab verir. Ofisl\u0259rd\u0259, banklarda v\u0259 f\u0259rdi evl\u0259rd\u0259 qiym\u0259tli \u0259\u015fyalar\u0131n\u0131z\u0131 v\u0259 s\u0259n\u0259dl\u0259rinizi etibarl\u0131 \u015f\u0259kild\u0259 saxlamaq \u00fc\u00e7\u00fcn geni\u015f \u00e7e\u015fidd\u0259 seyf modell\u0259rimiz m\u00f6vcuddur.<\/li><\/ol><p><img loading=\"lazy\" decoding=\"async\" class=\"alignnone size-medium wp-image-7171\" src=\"https:\/\/proven.az\/wp-content\/uploads\/2024\/10\/867d31d740fb5dad20c74857f0be0c6f-300x300.jpg\" alt=\"\" width=\"300\" height=\"300\" srcset=\"https:\/\/proven.az\/wp-content\/uploads\/2024\/10\/867d31d740fb5dad20c74857f0be0c6f-300x300.jpg 300w, https:\/\/proven.az\/wp-content\/uploads\/2024\/10\/867d31d740fb5dad20c74857f0be0c6f-150x150.jpg 150w, https:\/\/proven.az\/wp-content\/uploads\/2024\/10\/867d31d740fb5dad20c74857f0be0c6f-12x12.jpg 12w, https:\/\/proven.az\/wp-content\/uploads\/2024\/10\/867d31d740fb5dad20c74857f0be0c6f.jpg 564w\" sizes=\"(max-width: 300px) 100vw, 300px\" \/><\/p><ol start=\"4\"><li><strong>Metal Oturacaqlar<\/strong><br \/>\u0130ctimai m\u0259kanlar, a\u00e7\u0131q havada istifad\u0259 \u00fc\u00e7\u00fcn uyarl\u0131 olan metal oturacaqlar h\u0259m estetik, h\u0259m d\u0259 funksional dizaynlar\u0131 il\u0259 f\u0259rql\u0259nir. Davaml\u0131 v\u0259 istifad\u0259si rahat olan bu oturacaqlar parklar, g\u00f6zl\u0259m\u0259 salonlar\u0131 v\u0259 dig\u0259r ictimai yerl\u0259r \u00fc\u00e7\u00fcn ideald\u0131r.<\/li><\/ol><p><img loading=\"lazy\" decoding=\"async\" class=\"alignnone size-medium wp-image-7172\" src=\"https:\/\/proven.az\/wp-content\/uploads\/2024\/10\/93b77fa3b181d1f4f36d7141ca059d3d-225x300.jpg\" alt=\"\" width=\"225\" height=\"300\" srcset=\"https:\/\/proven.az\/wp-content\/uploads\/2024\/10\/93b77fa3b181d1f4f36d7141ca059d3d-225x300.jpg 225w, https:\/\/proven.az\/wp-content\/uploads\/2024\/10\/93b77fa3b181d1f4f36d7141ca059d3d-9x12.jpg 9w, https:\/\/proven.az\/wp-content\/uploads\/2024\/10\/93b77fa3b181d1f4f36d7141ca059d3d.jpg 563w\" sizes=\"(max-width: 225px) 100vw, 225px\" \/><\/p><ol start=\"5\"><li><strong>Metal Masalar v\u0259 \u0130\u015f Stansiyalar\u0131<\/strong><br \/>S\u0259naye, laboratoriyalar v\u0259 ofisl\u0259r \u00fc\u00e7\u00fcn haz\u0131rlanm\u0131\u015f metal masalar davaml\u0131l\u0131\u011f\u0131 v\u0259 \u00e7ox funksionall\u0131\u011f\u0131 il\u0259 se\u00e7ilir. Onlar h\u0259m i\u015f prosesl\u0259rini asanla\u015fd\u0131r\u0131r, h\u0259m d\u0259 estetik g\u00f6r\u00fcn\u00fc\u015f\u00fc il\u0259 i\u015f m\u00fchitin\u0259 z\u0259riflik qat\u0131r.<\/li><\/ol><p><img loading=\"lazy\" decoding=\"async\" class=\"alignnone size-medium wp-image-7173\" src=\"https:\/\/proven.az\/wp-content\/uploads\/2024\/10\/ef6d336f9c96488041e771e9f7a5ff4c-300x300.jpg\" alt=\"\" width=\"300\" height=\"300\" srcset=\"https:\/\/proven.az\/wp-content\/uploads\/2024\/10\/ef6d336f9c96488041e771e9f7a5ff4c-300x300.jpg 300w, https:\/\/proven.az\/wp-content\/uploads\/2024\/10\/ef6d336f9c96488041e771e9f7a5ff4c-150x150.jpg 150w, https:\/\/proven.az\/wp-content\/uploads\/2024\/10\/ef6d336f9c96488041e771e9f7a5ff4c-12x12.jpg 12w, https:\/\/proven.az\/wp-content\/uploads\/2024\/10\/ef6d336f9c96488041e771e9f7a5ff4c.jpg 564w\" sizes=\"(max-width: 300px) 100vw, 300px\" \/><\/p><ol start=\"6\"><li><strong>Metal \u015ekaflar v\u0259 Dolablar<\/strong><br \/>Ofisl\u0259r, arxivl\u0259r v\u0259 anbarlar \u00fc\u00e7\u00fcn metal \u015fkaflar s\u0259n\u0259dl\u0259rin v\u0259 \u0259\u015fyalar\u0131n t\u0259hl\u00fck\u0259siz saxlan\u0131lmas\u0131 \u00fc\u00e7\u00fcn n\u0259z\u0259rd\u0259 tutulub. Y\u00fcks\u0259k y\u00fck g\u00f6t\u00fcrm\u0259 qabiliyy\u0259tin\u0259 malik bu dolablar uzun m\u00fcdd\u0259tli istifad\u0259 \u00fc\u00e7\u00fcn ideald\u0131r.<\/li><\/ol><p><img loading=\"lazy\" decoding=\"async\" class=\"alignnone size-medium wp-image-7174\" src=\"https:\/\/proven.az\/wp-content\/uploads\/2024\/10\/f7a65e9d7f0f32ce9cedd6bec5cd683a-300x300.jpg\" alt=\"\" width=\"300\" height=\"300\" srcset=\"https:\/\/proven.az\/wp-content\/uploads\/2024\/10\/f7a65e9d7f0f32ce9cedd6bec5cd683a-300x300.jpg 300w, https:\/\/proven.az\/wp-content\/uploads\/2024\/10\/f7a65e9d7f0f32ce9cedd6bec5cd683a-150x150.jpg 150w, https:\/\/proven.az\/wp-content\/uploads\/2024\/10\/f7a65e9d7f0f32ce9cedd6bec5cd683a-12x12.jpg 12w, https:\/\/proven.az\/wp-content\/uploads\/2024\/10\/f7a65e9d7f0f32ce9cedd6bec5cd683a.jpg 564w\" sizes=\"(max-width: 300px) 100vw, 300px\" \/><\/p><\/div>\t\t\t\t\t\t\t\t<\/div>\n\t\t\t\t<\/div>\n\t\t\t\t\t<\/div>\n\t\t<\/div>\n\t\t\t\t\t<\/div>\n\t\t<\/section>\n\t\t\t\t<\/div>","protected":false},"excerpt":{"rendered":"<p>Metal mebell\u0259r &#8220;Proven&#8221; metal mebel istehsal\u0131nda keyfiyy\u0259t, davaml\u0131l\u0131q v\u0259 funksionall\u0131\u011f\u0131 bir araya g\u0259tir\u0259r\u0259k geni\u015f m\u0259hsul \u00e7e\u015fidi t\u0259qdim edir. Metal mebell\u0259rimiz uzun \u00f6m\u00fcrl\u00fc v\u0259 z\u0259rb\u0259l\u0259r\u0259 qar\u015f\u0131 d\u00f6z\u00fcml\u00fc olmaqla yana\u015f\u0131, m\u00fcasir v\u0259 s\u0259naye \u00fcslublu interyerl\u0259r \u00fc\u00e7\u00fcn ideal se\u00e7imdir. Geni\u015f m\u0259hsul kateqoriyalar\u0131m\u0131z, m\u00fcxt\u0259lif sektorlarda istifad\u0259y\u0259 yararl\u0131 v\u0259 f\u0259rqli ehtiyaclara cavab verir. A\u00e7\u0131qlama Metal Mebel Kateqoriyalar\u0131: Anbar \u00fc\u00e7\u00fcn StellajlarAnbar [&hellip;]<\/p>","protected":false},"author":1,"featured_media":0,"parent":6168,"menu_order":0,"comment_status":"closed","ping_status":"closed","template":"","meta":{"footnotes":""},"class_list":["post-6893","page","type-page","status-publish","hentry"],"_links":{"self":[{"href":"https:\/\/proven.az\/en\/wp-json\/wp\/v2\/pages\/6893","targetHints":{"allow":["GET"]}}],"collection":[{"href":"https:\/\/proven.az\/en\/wp-json\/wp\/v2\/pages"}],"about":[{"href":"https:\/\/proven.az\/en\/wp-json\/wp\/v2\/types\/page"}],"author":[{"embeddable":true,"href":"https:\/\/proven.az\/en\/wp-json\/wp\/v2\/users\/1"}],"replies":[{"embeddable":true,"href":"https:\/\/proven.az\/en\/wp-json\/wp\/v2\/comments?post=6893"}],"version-history":[{"count":38,"href":"https:\/\/proven.az\/en\/wp-json\/wp\/v2\/pages\/6893\/revisions"}],"predecessor-version":[{"id":7200,"href":"https:\/\/proven.az\/en\/wp-json\/wp\/v2\/pages\/6893\/revisions\/7200"}],"up":[{"embeddable":true,"href":"https:\/\/proven.az\/en\/wp-json\/wp\/v2\/pages\/6168"}],"wp:attachment":[{"href":"https:\/\/proven.az\/en\/wp-json\/wp\/v2\/media?parent=6893"}],"curies":[{"name":"wp","href":"https:\/\/api.w.org\/{rel}","templated":true}]}}