{"id":6901,"date":"2024-02-02T14:39:08","date_gmt":"2024-02-02T14:39:08","guid":{"rendered":"https:\/\/proven.az\/?page_id=6901"},"modified":"2024-10-04T23:27:13","modified_gmt":"2024-10-04T23:27:13","slug":"meiset-mallari","status":"publish","type":"page","link":"https:\/\/proven.az\/en\/istehsal-sahelerimiz\/meiset-mallari\/","title":{"rendered":"Stands for FMCG area"},"content":{"rendered":"<div data-elementor-type=\"wp-page\" data-elementor-id=\"6901\" class=\"elementor elementor-6901\" data-elementor-post-type=\"page\">\n\t\t\t\t\t\t<section class=\"elementor-section elementor-top-section elementor-element elementor-element-b8ec16e elementor-section-full_width elementor-section-height-default elementor-section-height-default\" data-id=\"b8ec16e\" data-element_type=\"section\" data-settings=\"{&quot;background_background&quot;:&quot;classic&quot;}\">\n\t\t\t\t\t\t<div class=\"elementor-container elementor-column-gap-default\">\n\t\t\t\t\t<div class=\"elementor-column elementor-col-100 elementor-top-column elementor-element elementor-element-6a69f38\" data-id=\"6a69f38\" data-element_type=\"column\">\n\t\t\t<div class=\"elementor-widget-wrap elementor-element-populated\">\n\t\t\t\t\t\t<div class=\"elementor-element elementor-element-2b9585f elementor-widget elementor-widget-spacer\" data-id=\"2b9585f\" data-element_type=\"widget\" data-widget_type=\"spacer.default\">\n\t\t\t\t<div class=\"elementor-widget-container\">\n\t\t\t\t\t\t\t<div class=\"elementor-spacer\">\n\t\t\t<div class=\"elementor-spacer-inner\"><\/div>\n\t\t<\/div>\n\t\t\t\t\t\t<\/div>\n\t\t\t\t<\/div>\n\t\t\t\t<div class=\"elementor-element elementor-element-93c7fb4 elementor-widget elementor-widget-heading\" data-id=\"93c7fb4\" data-element_type=\"widget\" data-widget_type=\"heading.default\">\n\t\t\t\t<div class=\"elementor-widget-container\">\n\t\t\t\t\t<h2 class=\"elementor-heading-title elementor-size-xl\">Stands for FMCG area<\/h2>\t\t\t\t<\/div>\n\t\t\t\t<\/div>\n\t\t\t\t\t<\/div>\n\t\t<\/div>\n\t\t\t\t\t<\/div>\n\t\t<\/section>\n\t\t\t\t<section class=\"elementor-section elementor-top-section elementor-element elementor-element-fed2041 elementor-section-boxed elementor-section-height-default elementor-section-height-default\" data-id=\"fed2041\" data-element_type=\"section\" id=\"history\">\n\t\t\t\t\t\t<div class=\"elementor-container elementor-column-gap-default\">\n\t\t\t\t\t<div class=\"elementor-column elementor-col-50 elementor-top-column elementor-element elementor-element-7a1c577\" data-id=\"7a1c577\" data-element_type=\"column\">\n\t\t\t<div class=\"elementor-widget-wrap elementor-element-populated\">\n\t\t\t\t\t\t<div class=\"elementor-element elementor-element-a31a99b elementor-widget__width-auto elementor-widget elementor-widget-ld_fancy_image\" data-id=\"a31a99b\" data-element_type=\"widget\" data-widget_type=\"ld_fancy_image.default\">\n\t\t\t\t<div class=\"elementor-widget-container\">\n\t\t\t\t\t\n\t\t<div class=\"lqd-imggrp-single d-block pos-rel\" data-shadow-style=\"4\">\n\t\t\t<div class=\"lqd-imggrp-img-container d-inline-flex pos-rel align-items-center justify-content-center\">\n\t\t\t\t\t\t\t\t<figure class=\"w-100 pos-rel\">\n\t\t\t\t\t<img fetchpriority=\"high\" decoding=\"async\" width=\"563\" height=\"375\" src=\"https:\/\/proven.az\/wp-content\/uploads\/2024\/10\/b1cec7e123ec45fc113ec8e27b0c507b.jpg\" class=\"attachment-full size-full wp-image-7178\" alt=\"\" srcset=\"https:\/\/proven.az\/wp-content\/uploads\/2024\/10\/b1cec7e123ec45fc113ec8e27b0c507b.jpg 563w, https:\/\/proven.az\/wp-content\/uploads\/2024\/10\/b1cec7e123ec45fc113ec8e27b0c507b-300x200.jpg 300w, https:\/\/proven.az\/wp-content\/uploads\/2024\/10\/b1cec7e123ec45fc113ec8e27b0c507b-18x12.jpg 18w\" sizes=\"(max-width: 563px) 100vw, 563px\" itemprop=\"image\" \/>\t\t\t\t\t\t\t\t\t\t\t\t\t\t\t\t\t\t\t\t\t\t\t\t\t\t\t\t\t<\/figure>\n\t\t\t<\/div>\n\t\t<\/div>\n\n\t\t\t\t\t<\/div>\n\t\t\t\t<\/div>\n\t\t\t\t\t<\/div>\n\t\t<\/div>\n\t\t\t\t<div data-custom-animations=\"true\" data-ca-options=\"{&quot;addChildTimelines&quot;:false,&quot;trigger&quot;:&quot;firstChild&quot;,&quot;animationTarget&quot;:&quot;:scope &gt; .elementor-widget-wrap &gt; .elementor-element &gt; .elementor-widget-container, :scope &gt; .elementor-widget-wrap &gt; .elementor-section &gt; .elementor-container &gt; .elementor-column &gt; .elementor-widget-wrap &gt; .elementor-element:not(.lqd-el-has-inner-anim) &gt; .elementor-widget-container, :scope &gt; .elementor-widget-wrap &gt; .elementor-widget-hub_fancy_heading .lqd-split-lines .lqd-lines .split-inner, :scope &gt; .elementor-widget-wrap &gt; .elementor-widget-hub_fancy_heading .lqd-split-words .lqd-words .split-inner, :scope &gt; .elementor-widget-wrap &gt; .elementor-widget-hub_fancy_heading .lqd-split-chars .lqd-chars .split-inner, :scope &gt; .elementor-widget-wrap &gt; .elementor-widget-ld_custom_menu .lqd-fancy-menu &gt; ul &gt; li&quot;,&quot;startDelay&quot;:500,&quot;delay&quot;:120,&quot;ease&quot;:[&quot;power4.out&quot;],&quot;initValues&quot;:{&quot;y&quot;:&quot;45px&quot;,&quot;opacity&quot;:0,&quot;transformOrigin&quot;:&quot;50% 50% 0px&quot;},&quot;animations&quot;:{&quot;y&quot;:&quot;0px&quot;,&quot;opacity&quot;:1,&quot;transformOrigin&quot;:&quot;50% 50% 0px&quot;}}\" class=\"elementor-column elementor-col-50 elementor-top-column elementor-element elementor-element-7334d4a\" data-id=\"7334d4a\" data-element_type=\"column\">\n\t\t\t<div class=\"elementor-widget-wrap elementor-element-populated\">\n\t\t\t\t\t\t<div class=\"elementor-element elementor-element-2872b77 elementor-widget elementor-widget-spacer\" data-id=\"2872b77\" data-element_type=\"widget\" data-widget_type=\"spacer.default\">\n\t\t\t\t<div class=\"elementor-widget-container\">\n\t\t\t\t\t\t\t<div class=\"elementor-spacer\">\n\t\t\t<div class=\"elementor-spacer-inner\"><\/div>\n\t\t<\/div>\n\t\t\t\t\t\t<\/div>\n\t\t\t\t<\/div>\n\t\t\t\t<div class=\"elementor-element elementor-element-6a1939a elementor-widget elementor-widget-hub_fancy_heading\" data-id=\"6a1939a\" data-element_type=\"widget\" data-widget_type=\"hub_fancy_heading.default\">\n\t\t\t\t<div class=\"elementor-widget-container\">\n\t\t\t\t\t\n\t\t<div id=\"ld-fancy-heading-69f17f5e20933\" class=\"ld-fancy-heading pos-rel\">\n\t\t\t<p class=\"ld-fh-element d-inline-block pos-rel  lqd-highlight-classic lqd-highlight-grow-left p\"  > FMCG sah\u0259si \u00fc\u00e7\u00fcn mebell\u0259r m\u0259hsullar\u0131n s\u0259rgil\u0259nm\u0259si v\u0259 sat\u0131\u015f\u0131n\u0131 art\u0131rmaq m\u0259qs\u0259di il\u0259 x\u00fcsusi dizayn olunur. \"Proven\" olaraq, bu sektora aid geni\u015f \u00e7e\u015fidli stendl\u0259r v\u0259 vitrinl\u0259r t\u0259klif edirik. Bu mebell\u0259r\u0259 vitrin stendl\u0259ri, promo v\u0259 endirim stendl\u0259ri, r\u0259fl\u0259r, k\u00fcnc stendl\u0259ri, adal\u0131q stendl\u0259ri v\u0259 kassa \u00f6n\u00fc stendl\u0259r daxildir. M\u0259qs\u0259dimiz, m\u0259hsullar\u0131n diqq\u0259t\u00e7\u0259kici v\u0259 funksional \u015f\u0259kild\u0259 n\u00fcmayi\u015f olunmas\u0131n\u0131 t\u0259min etm\u0259kdir, bu da sat\u0131\u015f h\u0259cmini art\u0131rma\u011fa k\u00f6m\u0259k edir. <\/p>\t\t<\/div>\n\n\t\t\t\t\t\t<\/div>\n\t\t\t\t<\/div>\n\t\t\t\t\t<\/div>\n\t\t<\/div>\n\t\t\t\t\t<\/div>\n\t\t<\/section>\n\t\t\t\t<section class=\"elementor-section elementor-top-section elementor-element elementor-element-ada1fe6 elementor-section-content-middle elementor-section-boxed elementor-section-height-default elementor-section-height-default\" data-id=\"ada1fe6\" data-element_type=\"section\" id=\"consultancy\">\n\t\t\t\t\t\t<div class=\"elementor-container elementor-column-gap-default\">\n\t\t\t\t\t<div class=\"elementor-column elementor-col-100 elementor-top-column elementor-element elementor-element-7f061a9\" data-id=\"7f061a9\" data-element_type=\"column\">\n\t\t\t<div class=\"elementor-widget-wrap elementor-element-populated\">\n\t\t\t\t\t\t<div class=\"elementor-element elementor-element-04b9c56 elementor-widget elementor-widget-hub_fancy_heading\" data-id=\"04b9c56\" data-element_type=\"widget\" data-widget_type=\"hub_fancy_heading.default\">\n\t\t\t\t<div class=\"elementor-widget-container\">\n\t\t\t\t\t\n\t\t<div id=\"ld-fancy-heading-69f17f5e20e3b\" class=\"ld-fancy-heading pos-rel\">\n\t\t\t<h2 class=\"ld-fh-element d-inline-block pos-rel  elementor-heading-title lqd-highlight-classic lqd-highlight-grow-left h2\"  > Disclosure<\/h2>\t\t<\/div>\n\n\t\t\t\t\t\t<\/div>\n\t\t\t\t<\/div>\n\t\t\t\t<div class=\"elementor-element elementor-element-a0addef elementor-widget__width-initial elementor-widget elementor-widget-text-editor\" data-id=\"a0addef\" data-element_type=\"widget\" data-widget_type=\"text-editor.default\">\n\t\t\t\t<div class=\"elementor-widget-container\">\n\t\t\t\t\t\t\t\t\t<div><p>Proven&#8221; FMCG sah\u0259sin\u0259 aid y\u00fcks\u0259k keyfiyy\u0259tli stend v\u0259 mebel h\u0259ll\u0259ri t\u0259klif edir. Bu kateqoriya ma\u011fazalarda, supermarketl\u0259rd\u0259 v\u0259 dig\u0259r p\u0259rak\u0259nd\u0259 sat\u0131\u015f n\u00f6qt\u0259l\u0259rind\u0259 m\u0259hsul n\u00fcmayi\u015fi v\u0259 sat\u0131\u015f\u0131n\u0131 art\u0131rmaq \u00fc\u00e7\u00fcn n\u0259z\u0259rd\u0259 tutulub.<\/p><p><strong>FMCG sah\u0259sin\u0259 aid mebel n\u00f6vl\u0259ri:<\/strong><\/p><ol><li><strong>Vitrin stendl\u0259ri<\/strong><\/li><li><strong>R\u0259fl\u0259r v\u0259 polkalar<\/strong><\/li><li><strong>Promo stendl\u0259r<\/strong><\/li><li><strong>Endirim stendl\u0259ri<\/strong><\/li><li><strong>K\u00fcnc stendl\u0259ri<\/strong><\/li><li><strong>Adal\u0131q stendl\u0259ri<\/strong><\/li><li><strong>As\u0131lqan stendl\u0259r<\/strong><\/li><li><strong>G\u00f6zl\u0259m\u0259 sah\u0259si oturacaqlar\u0131<\/strong><\/li><li><strong>Kassa \u00f6n\u00fc m\u0259hsul stendl\u0259ri<\/strong><\/li><li><strong>M\u0259hsul n\u00fcmayi\u015f masalar\u0131<\/strong><\/li><\/ol><\/div>\t\t\t\t\t\t\t\t<\/div>\n\t\t\t\t<\/div>\n\t\t\t\t<div class=\"elementor-element elementor-element-0f34538 elementor-widget__width-initial elementor-widget-tablet__width-initial elementor-widget elementor-widget-image\" data-id=\"0f34538\" data-element_type=\"widget\" data-widget_type=\"image.default\">\n\t\t\t\t<div class=\"elementor-widget-container\">\n\t\t\t\t\t\t\t\t\t\t\t\t\t\t\t<img decoding=\"async\" width=\"564\" height=\"1128\" src=\"https:\/\/proven.az\/wp-content\/uploads\/2024\/10\/qw.jpg\" class=\"attachment-full size-full wp-image-7183\" alt=\"\" srcset=\"https:\/\/proven.az\/wp-content\/uploads\/2024\/10\/qw.jpg 564w, https:\/\/proven.az\/wp-content\/uploads\/2024\/10\/qw-150x300.jpg 150w, https:\/\/proven.az\/wp-content\/uploads\/2024\/10\/qw-512x1024.jpg 512w, https:\/\/proven.az\/wp-content\/uploads\/2024\/10\/qw-6x12.jpg 6w\" sizes=\"(max-width: 564px) 100vw, 564px\" \/>\t\t\t\t\t\t\t\t\t\t\t\t\t\t\t<\/div>\n\t\t\t\t<\/div>\n\t\t\t\t\t<\/div>\n\t\t<\/div>\n\t\t\t\t\t<\/div>\n\t\t<\/section>\n\t\t\t\t<\/div>","protected":false},"excerpt":{"rendered":"<p>FMCG sah\u0259si \u00fc\u00e7\u00fcn stendl\u0259r FMCG sah\u0259si \u00fc\u00e7\u00fcn mebell\u0259r m\u0259hsullar\u0131n s\u0259rgil\u0259nm\u0259si v\u0259 sat\u0131\u015f\u0131n\u0131 art\u0131rmaq m\u0259qs\u0259di il\u0259 x\u00fcsusi dizayn olunur. &#8220;Proven&#8221; olaraq, bu sektora aid geni\u015f \u00e7e\u015fidli stendl\u0259r v\u0259 vitrinl\u0259r t\u0259klif edirik. Bu mebell\u0259r\u0259 vitrin stendl\u0259ri, promo v\u0259 endirim stendl\u0259ri, r\u0259fl\u0259r, k\u00fcnc stendl\u0259ri, adal\u0131q stendl\u0259ri v\u0259 kassa \u00f6n\u00fc stendl\u0259r daxildir. M\u0259qs\u0259dimiz, m\u0259hsullar\u0131n diqq\u0259t\u00e7\u0259kici v\u0259 funksional \u015f\u0259kild\u0259 n\u00fcmayi\u015f [&hellip;]<\/p>","protected":false},"author":1,"featured_media":0,"parent":6168,"menu_order":0,"comment_status":"closed","ping_status":"closed","template":"","meta":{"footnotes":""},"class_list":["post-6901","page","type-page","status-publish","hentry"],"_links":{"self":[{"href":"https:\/\/proven.az\/en\/wp-json\/wp\/v2\/pages\/6901","targetHints":{"allow":["GET"]}}],"collection":[{"href":"https:\/\/proven.az\/en\/wp-json\/wp\/v2\/pages"}],"about":[{"href":"https:\/\/proven.az\/en\/wp-json\/wp\/v2\/types\/page"}],"author":[{"embeddable":true,"href":"https:\/\/proven.az\/en\/wp-json\/wp\/v2\/users\/1"}],"replies":[{"embeddable":true,"href":"https:\/\/proven.az\/en\/wp-json\/wp\/v2\/comments?post=6901"}],"version-history":[{"count":22,"href":"https:\/\/proven.az\/en\/wp-json\/wp\/v2\/pages\/6901\/revisions"}],"predecessor-version":[{"id":7189,"href":"https:\/\/proven.az\/en\/wp-json\/wp\/v2\/pages\/6901\/revisions\/7189"}],"up":[{"embeddable":true,"href":"https:\/\/proven.az\/en\/wp-json\/wp\/v2\/pages\/6168"}],"wp:attachment":[{"href":"https:\/\/proven.az\/en\/wp-json\/wp\/v2\/media?parent=6901"}],"curies":[{"name":"wp","href":"https:\/\/api.w.org\/{rel}","templated":true}]}}