{"id":6906,"date":"2024-02-02T14:40:31","date_gmt":"2024-02-02T14:40:31","guid":{"rendered":"https:\/\/proven.az\/?page_id=6906"},"modified":"2024-11-18T12:32:03","modified_gmt":"2024-11-18T12:32:03","slug":"mehsullar","status":"publish","type":"page","link":"https:\/\/proven.az\/en\/istehsal-sahelerimiz\/mehsullar\/","title":{"rendered":"M\u0259hsullar"},"content":{"rendered":"<div data-elementor-type=\"wp-page\" data-elementor-id=\"6906\" class=\"elementor elementor-6906\" data-elementor-post-type=\"page\">\n\t\t\t\t\t\t<section class=\"elementor-section elementor-top-section elementor-element elementor-element-b8ec16e elementor-section-full_width elementor-section-height-default elementor-section-height-default\" data-id=\"b8ec16e\" data-element_type=\"section\" data-settings=\"{&quot;background_background&quot;:&quot;classic&quot;}\">\n\t\t\t\t\t\t<div class=\"elementor-container elementor-column-gap-default\">\n\t\t\t\t\t<div class=\"elementor-column elementor-col-100 elementor-top-column elementor-element elementor-element-6a69f38\" data-id=\"6a69f38\" data-element_type=\"column\">\n\t\t\t<div class=\"elementor-widget-wrap elementor-element-populated\">\n\t\t\t\t\t\t<div class=\"elementor-element elementor-element-2b9585f elementor-widget elementor-widget-spacer\" data-id=\"2b9585f\" data-element_type=\"widget\" data-widget_type=\"spacer.default\">\n\t\t\t\t<div class=\"elementor-widget-container\">\n\t\t\t\t\t\t\t<div class=\"elementor-spacer\">\n\t\t\t<div class=\"elementor-spacer-inner\"><\/div>\n\t\t<\/div>\n\t\t\t\t\t\t<\/div>\n\t\t\t\t<\/div>\n\t\t\t\t<div class=\"elementor-element elementor-element-93c7fb4 elementor-widget elementor-widget-heading\" data-id=\"93c7fb4\" data-element_type=\"widget\" data-widget_type=\"heading.default\">\n\t\t\t\t<div class=\"elementor-widget-container\">\n\t\t\t\t\t<h2 class=\"elementor-heading-title elementor-size-xl\">M\u0259hsullar<\/h2>\t\t\t\t<\/div>\n\t\t\t\t<\/div>\n\t\t\t\t\t<\/div>\n\t\t<\/div>\n\t\t\t\t\t<\/div>\n\t\t<\/section>\n\t\t<div class=\"elementor-element elementor-element-91e01df e-flex e-con-boxed e-con e-parent\" data-id=\"91e01df\" data-element_type=\"container\">\n\t\t\t\t\t<div class=\"e-con-inner\">\n\t\t\t\t<div class=\"elementor-element elementor-element-6b9e3e4 elementor-widget elementor-widget-heading\" data-id=\"6b9e3e4\" data-element_type=\"widget\" data-widget_type=\"heading.default\">\n\t\t\t\t<div class=\"elementor-widget-container\">\n\t\t\t\t\t<h2 class=\"elementor-heading-title elementor-size-large\">Metal dolablar<\/h2>\t\t\t\t<\/div>\n\t\t\t\t<\/div>\n\t\t\t\t\t<\/div>\n\t\t\t\t<\/div>\n\t\t<div class=\"elementor-element elementor-element-68430fe e-flex e-con-boxed e-con e-parent\" data-id=\"68430fe\" data-element_type=\"container\">\n\t\t\t\t\t<div class=\"e-con-inner\">\n\t\t<div class=\"elementor-element elementor-element-c96e3a2 e-con-full e-flex e-con e-child\" data-id=\"c96e3a2\" data-element_type=\"container\">\n\t\t\t\t<div class=\"elementor-element elementor-element-2dd4a4a elementor-position-top elementor-widget elementor-widget-image-box\" data-id=\"2dd4a4a\" data-element_type=\"widget\" data-widget_type=\"image-box.default\">\n\t\t\t\t<div class=\"elementor-widget-container\">\n\t\t\t\t\t<div class=\"elementor-image-box-wrapper\"><figure class=\"elementor-image-box-img\"><img fetchpriority=\"high\" decoding=\"async\" width=\"736\" height=\"736\" src=\"https:\/\/proven.az\/wp-content\/uploads\/2024\/10\/1.jpg\" class=\"attachment-full size-full wp-image-7122\" alt=\"\" srcset=\"https:\/\/proven.az\/wp-content\/uploads\/2024\/10\/1.jpg 736w, https:\/\/proven.az\/wp-content\/uploads\/2024\/10\/1-300x300.jpg 300w, https:\/\/proven.az\/wp-content\/uploads\/2024\/10\/1-150x150.jpg 150w, https:\/\/proven.az\/wp-content\/uploads\/2024\/10\/1-12x12.jpg 12w, https:\/\/proven.az\/wp-content\/uploads\/2024\/10\/1-320x320.jpg 320w, https:\/\/proven.az\/wp-content\/uploads\/2024\/10\/1-600x600.jpg 600w, https:\/\/proven.az\/wp-content\/uploads\/2024\/10\/1-100x100.jpg 100w\" sizes=\"(max-width: 736px) 100vw, 736px\" \/><\/figure><div class=\"elementor-image-box-content\"><h3 class=\"elementor-image-box-title\">1 qap\u0131l\u0131 soyunma dolab\u0131<\/h3><p class=\"elementor-image-box-description\">\u2022  \u00d6l\u00e7\u00fc: 42*40*180  sm<br>\n\u2022  R\u0259ng: RAL 7035 Boz<br>\n\u2022  Elektrostatik toz boyal\u0131<br>\n\u2022  Kilid sistemi m\u00f6vcuddur<br>\n\u2022  Qap\u0131larda adl\u0131q yeri v\u0259 havaland\u0131rma p\u0259nc\u0259r\u0259si var<br>\n\u2022  Qap\u0131lar 180 d\u0259r\u0259c\u0259 a\u00e7\u0131l\u0131r\n<\/p><\/div><\/div>\t\t\t\t<\/div>\n\t\t\t\t<\/div>\n\t\t\t\t<\/div>\n\t\t<div class=\"elementor-element elementor-element-9e3df27 e-con-full e-flex e-con e-child\" data-id=\"9e3df27\" data-element_type=\"container\">\n\t\t\t\t<div class=\"elementor-element elementor-element-33e1a90 elementor-position-top elementor-widget elementor-widget-image-box\" data-id=\"33e1a90\" data-element_type=\"widget\" data-widget_type=\"image-box.default\">\n\t\t\t\t<div class=\"elementor-widget-container\">\n\t\t\t\t\t<div class=\"elementor-image-box-wrapper\"><figure class=\"elementor-image-box-img\"><img decoding=\"async\" width=\"227\" height=\"440\" src=\"data:image\/svg+xml;charset=utf-8,%3Csvg xmlns%3D&#039;http%3A%2F%2Fwww.w3.org%2F2000%2Fsvg&#039; viewBox%3D&#039;0 0 227 440&#039;%2F%3E\" class=\"attachment-full size-full wp-image-7123 ld-lazyload\" alt=\"\" data-src=\"https:\/\/proven.az\/wp-content\/uploads\/2024\/10\/2.jpg\" data-srcset=\"https:\/\/proven.az\/wp-content\/uploads\/2024\/10\/2.jpg 227w, https:\/\/proven.az\/wp-content\/uploads\/2024\/10\/2-155x300.jpg 155w, https:\/\/proven.az\/wp-content\/uploads\/2024\/10\/2-6x12.jpg 6w\" data-sizes=\"(max-width: 227px) 100vw, 227px\" data-aspect=\"0.51590909090909\" \/><\/figure><div class=\"elementor-image-box-content\"><h3 class=\"elementor-image-box-title\">\u0130ki Qap\u0131l\u0131 Soyunma Dolab\u0131<\/h3><p class=\"elementor-image-box-description\">\u2022 Qap\u0131lar 180 d\u0259r\u0259c\u0259 a\u00e7\u0131l\u0131r<br>\n\u2022 \u00d6l\u00e7\u00fc: 90*42*180 sm<br>\n\u2022 R\u0259ng: RAL 7035 Boz<br>\n\u2022 Elektrostatik toz boyal\u0131<br>\n\u2022 Kilid sistemi m\u00f6vcuddur<br>\n\u2022 Qap\u0131larda adl\u0131q yeri v\u0259 havaland\u0131rma p\u0259nc\u0259r\u0259si var<br>\n\u2022 Qap\u0131lar 180 d\u0259r\u0259c\u0259 a\u00e7\u0131l\u0131r\n\n<\/p><\/div><\/div>\t\t\t\t<\/div>\n\t\t\t\t<\/div>\n\t\t\t\t<\/div>\n\t\t<div class=\"elementor-element elementor-element-c9c0df3 e-con-full e-flex e-con e-child\" data-id=\"c9c0df3\" data-element_type=\"container\">\n\t\t\t\t<div class=\"elementor-element elementor-element-4de574a elementor-position-top elementor-widget elementor-widget-image-box\" data-id=\"4de574a\" data-element_type=\"widget\" data-widget_type=\"image-box.default\">\n\t\t\t\t<div class=\"elementor-widget-container\">\n\t\t\t\t\t<div class=\"elementor-image-box-wrapper\"><figure class=\"elementor-image-box-img\"><img decoding=\"async\" width=\"268\" height=\"326\" src=\"data:image\/svg+xml;charset=utf-8,%3Csvg xmlns%3D&#039;http%3A%2F%2Fwww.w3.org%2F2000%2Fsvg&#039; viewBox%3D&#039;0 0 268 326&#039;%2F%3E\" class=\"attachment-full size-full wp-image-7124 ld-lazyload\" alt=\"\" data-src=\"https:\/\/proven.az\/wp-content\/uploads\/2024\/10\/3.png\" data-srcset=\"https:\/\/proven.az\/wp-content\/uploads\/2024\/10\/3.png 268w, https:\/\/proven.az\/wp-content\/uploads\/2024\/10\/3-247x300.png 247w, https:\/\/proven.az\/wp-content\/uploads\/2024\/10\/3-10x12.png 10w\" data-sizes=\"(max-width: 268px) 100vw, 268px\" data-aspect=\"0.82208588957055\" \/><\/figure><div class=\"elementor-image-box-content\"><h3 class=\"elementor-image-box-title\">D\u00f6rd Qap\u0131l\u0131 Soyunma Dolab\u0131<\/h3><p class=\"elementor-image-box-description\">\u2022 \u00d6l\u00e7\u00fc: 90*42*180 sm<br>\n\u2022 R\u0259ng: RAL 7035 Boz<br>\n\u2022 Elektrostatik toz boyal\u0131<br>\n\u2022 Kilid sistemi m\u00f6vcuddur<br>\n\u2022 Qap\u0131larda adl\u0131q yeri v\u0259 havaland\u0131rma p\u0259nc\u0259r\u0259si var<br>\n\u2022 Qap\u0131lar 180 d\u0259r\u0259c\u0259 a\u00e7\u0131l\u0131r<\/p><\/div><\/div>\t\t\t\t<\/div>\n\t\t\t\t<\/div>\n\t\t\t\t<\/div>\n\t\t<div class=\"elementor-element elementor-element-e604156 e-con-full e-flex e-con e-child\" data-id=\"e604156\" data-element_type=\"container\">\n\t\t\t\t<div class=\"elementor-element elementor-element-3351c68 elementor-position-top elementor-widget elementor-widget-image-box\" data-id=\"3351c68\" data-element_type=\"widget\" data-widget_type=\"image-box.default\">\n\t\t\t\t<div class=\"elementor-widget-container\">\n\t\t\t\t\t<div class=\"elementor-image-box-wrapper\"><figure class=\"elementor-image-box-img\"><img loading=\"lazy\" decoding=\"async\" width=\"268\" height=\"326\" src=\"data:image\/svg+xml;charset=utf-8,%3Csvg xmlns%3D&#039;http%3A%2F%2Fwww.w3.org%2F2000%2Fsvg&#039; viewBox%3D&#039;0 0 268 326&#039;%2F%3E\" class=\"attachment-full size-full wp-image-7125 ld-lazyload\" alt=\"\" data-src=\"https:\/\/proven.az\/wp-content\/uploads\/2024\/10\/4.png\" data-srcset=\"https:\/\/proven.az\/wp-content\/uploads\/2024\/10\/4.png 268w, https:\/\/proven.az\/wp-content\/uploads\/2024\/10\/4-247x300.png 247w, https:\/\/proven.az\/wp-content\/uploads\/2024\/10\/4-10x12.png 10w\" data-sizes=\"(max-width: 268px) 100vw, 268px\" data-aspect=\"0.82208588957055\" \/><\/figure><div class=\"elementor-image-box-content\"><h3 class=\"elementor-image-box-title\">\u00dc\u00e7 Qap\u0131l\u0131 Standart Soyunma Dolab\u0131<\/h3><p class=\"elementor-image-box-description\">\u00d6l\u00e7\u00fc: 180*120*40 sm<br>\n\u2022 R\u0259ng: RAL 7035 Boz <br>\n\u2022 Elektrostatik toz boyal\u0131<br>\n\u2022 Kilid sistemi m\u00f6vcuddur<br>\n\u2022 Qap\u0131larda adl\u0131q yeri v\u0259 havaland\u0131rma p\u0259nc\u0259r\u0259si var<br>\n\u2022 Qap\u0131lar 180 d\u0259r\u0259c\u0259 a\u00e7\u0131l\u0131r<\/p><\/div><\/div>\t\t\t\t<\/div>\n\t\t\t\t<\/div>\n\t\t\t\t<\/div>\n\t\t\t\t\t<\/div>\n\t\t\t\t<\/div>\n\t\t<div class=\"elementor-element elementor-element-fcca41a e-flex e-con-boxed e-con e-parent\" data-id=\"fcca41a\" data-element_type=\"container\">\n\t\t\t\t\t<div class=\"e-con-inner\">\n\t\t\t\t<div class=\"elementor-element elementor-element-328a4d1 elementor-widget elementor-widget-heading\" data-id=\"328a4d1\" data-element_type=\"widget\" data-widget_type=\"heading.default\">\n\t\t\t\t<div class=\"elementor-widget-container\">\n\t\t\t\t\t<h2 class=\"elementor-heading-title elementor-size-large\">G\u00f6zl\u0259m\u0259 oturacaqlar\u0131 (outdoor)<\/h2>\t\t\t\t<\/div>\n\t\t\t\t<\/div>\n\t\t\t\t\t<\/div>\n\t\t\t\t<\/div>\n\t\t<div class=\"elementor-element elementor-element-e8b6209 e-flex e-con-boxed e-con e-parent\" data-id=\"e8b6209\" data-element_type=\"container\">\n\t\t\t\t\t<div class=\"e-con-inner\">\n\t\t<div class=\"elementor-element elementor-element-f2d29d7 e-con-full e-flex e-con e-child\" data-id=\"f2d29d7\" data-element_type=\"container\">\n\t\t\t\t<div class=\"elementor-element elementor-element-c98913a elementor-position-top elementor-widget elementor-widget-image-box\" data-id=\"c98913a\" data-element_type=\"widget\" data-widget_type=\"image-box.default\">\n\t\t\t\t<div class=\"elementor-widget-container\">\n\t\t\t\t\t<div class=\"elementor-image-box-wrapper\"><figure class=\"elementor-image-box-img\"><img loading=\"lazy\" decoding=\"async\" width=\"736\" height=\"1103\" src=\"data:image\/svg+xml;charset=utf-8,%3Csvg xmlns%3D&#039;http%3A%2F%2Fwww.w3.org%2F2000%2Fsvg&#039; viewBox%3D&#039;0 0 736 1103&#039;%2F%3E\" class=\"attachment-full size-full wp-image-7126 ld-lazyload\" alt=\"\" data-src=\"https:\/\/proven.az\/wp-content\/uploads\/2024\/10\/1-1.jpg\" data-srcset=\"https:\/\/proven.az\/wp-content\/uploads\/2024\/10\/1-1.jpg 736w, https:\/\/proven.az\/wp-content\/uploads\/2024\/10\/1-1-200x300.jpg 200w, https:\/\/proven.az\/wp-content\/uploads\/2024\/10\/1-1-683x1024.jpg 683w, https:\/\/proven.az\/wp-content\/uploads\/2024\/10\/1-1-8x12.jpg 8w, https:\/\/proven.az\/wp-content\/uploads\/2024\/10\/1-1-600x899.jpg 600w\" data-sizes=\"(max-width: 736px) 100vw, 736px\" data-aspect=\"0.66727107887579\" \/><\/figure><div class=\"elementor-image-box-content\"><h3 class=\"elementor-image-box-title\">G\u00f6zl\u0259m\u0259 oturaca\u011f\u0131 1<\/h3><p class=\"elementor-image-box-description\">\u00d6l\u00e7\u00fc - 1500*400*450<br>\n\u2022 Taxta, Elektrostatik toz boyal\u0131<\/p><\/div><\/div>\t\t\t\t<\/div>\n\t\t\t\t<\/div>\n\t\t\t\t<\/div>\n\t\t<div class=\"elementor-element elementor-element-a0d3833 e-con-full e-flex e-con e-child\" data-id=\"a0d3833\" data-element_type=\"container\">\n\t\t\t\t<div class=\"elementor-element elementor-element-7b70a22 elementor-position-top elementor-widget elementor-widget-image-box\" data-id=\"7b70a22\" data-element_type=\"widget\" data-widget_type=\"image-box.default\">\n\t\t\t\t<div class=\"elementor-widget-container\">\n\t\t\t\t\t<div class=\"elementor-image-box-wrapper\"><figure class=\"elementor-image-box-img\"><img loading=\"lazy\" decoding=\"async\" width=\"564\" height=\"485\" src=\"data:image\/svg+xml;charset=utf-8,%3Csvg xmlns%3D&#039;http%3A%2F%2Fwww.w3.org%2F2000%2Fsvg&#039; viewBox%3D&#039;0 0 564 485&#039;%2F%3E\" class=\"attachment-full size-full wp-image-7127 ld-lazyload\" alt=\"\" data-src=\"https:\/\/proven.az\/wp-content\/uploads\/2024\/10\/2-1.jpg\" data-srcset=\"https:\/\/proven.az\/wp-content\/uploads\/2024\/10\/2-1.jpg 564w, https:\/\/proven.az\/wp-content\/uploads\/2024\/10\/2-1-300x258.jpg 300w, https:\/\/proven.az\/wp-content\/uploads\/2024\/10\/2-1-14x12.jpg 14w\" data-sizes=\"(max-width: 564px) 100vw, 564px\" data-aspect=\"1.1628865979381\" \/><\/figure><div class=\"elementor-image-box-content\"><h3 class=\"elementor-image-box-title\">G\u00f6zl\u0259m\u0259 oturaca\u011f\u0131 2 <\/h3><p class=\"elementor-image-box-description\">\u2022 \u00d6l\u00e7\u00fc 200 sm<br>\n\u2022 Elektrostatik toz boyal\u0131<\/p><\/div><\/div>\t\t\t\t<\/div>\n\t\t\t\t<\/div>\n\t\t\t\t<\/div>\n\t\t<div class=\"elementor-element elementor-element-379cb9d e-con-full e-flex e-con e-child\" data-id=\"379cb9d\" data-element_type=\"container\">\n\t\t\t\t<div class=\"elementor-element elementor-element-721fb87 elementor-position-top elementor-widget elementor-widget-image-box\" data-id=\"721fb87\" data-element_type=\"widget\" data-widget_type=\"image-box.default\">\n\t\t\t\t<div class=\"elementor-widget-container\">\n\t\t\t\t\t<div class=\"elementor-image-box-wrapper\"><figure class=\"elementor-image-box-img\"><img loading=\"lazy\" decoding=\"async\" width=\"564\" height=\"423\" src=\"data:image\/svg+xml;charset=utf-8,%3Csvg xmlns%3D&#039;http%3A%2F%2Fwww.w3.org%2F2000%2Fsvg&#039; viewBox%3D&#039;0 0 564 423&#039;%2F%3E\" class=\"attachment-full size-full wp-image-7128 ld-lazyload\" alt=\"\" data-src=\"https:\/\/proven.az\/wp-content\/uploads\/2024\/10\/3.jpg\" data-srcset=\"https:\/\/proven.az\/wp-content\/uploads\/2024\/10\/3.jpg 564w, https:\/\/proven.az\/wp-content\/uploads\/2024\/10\/3-300x225.jpg 300w, https:\/\/proven.az\/wp-content\/uploads\/2024\/10\/3-16x12.jpg 16w\" data-sizes=\"(max-width: 564px) 100vw, 564px\" data-aspect=\"1.3333333333333\" \/><\/figure><div class=\"elementor-image-box-content\"><h3 class=\"elementor-image-box-title\">G\u00f6zl\u0259m\u0259 oturaca\u011f\u0131 3<\/h3><p class=\"elementor-image-box-description\">\u2022 \u00d6l\u00e7\u00fc 200 sm<br>\n\u2022 Elektrostatik toz boyal\u0131\n<\/p><\/div><\/div>\t\t\t\t<\/div>\n\t\t\t\t<\/div>\n\t\t\t\t<\/div>\n\t\t\t\t\t<\/div>\n\t\t\t\t<\/div>\n\t\t\t\t<\/div>","protected":false},"excerpt":{"rendered":"<p>M\u0259hsullar Metal dolablar 1 qap\u0131l\u0131 soyunma dolab\u0131 \u2022 \u00d6l\u00e7\u00fc: 42*40*180 sm \u2022 R\u0259ng: RAL 7035 Boz \u2022 Elektrostatik toz boyal\u0131 \u2022 Kilid sistemi m\u00f6vcuddur \u2022 Qap\u0131larda adl\u0131q yeri v\u0259 havaland\u0131rma p\u0259nc\u0259r\u0259si var \u2022 Qap\u0131lar 180 d\u0259r\u0259c\u0259 a\u00e7\u0131l\u0131r \u0130ki Qap\u0131l\u0131 Soyunma Dolab\u0131 \u2022 Qap\u0131lar 180 d\u0259r\u0259c\u0259 a\u00e7\u0131l\u0131r \u2022 \u00d6l\u00e7\u00fc: 90*42*180 sm \u2022 R\u0259ng: RAL 7035 Boz [&hellip;]<\/p>","protected":false},"author":1,"featured_media":0,"parent":6168,"menu_order":0,"comment_status":"closed","ping_status":"closed","template":"","meta":{"footnotes":""},"class_list":["post-6906","page","type-page","status-publish","hentry"],"_links":{"self":[{"href":"https:\/\/proven.az\/en\/wp-json\/wp\/v2\/pages\/6906","targetHints":{"allow":["GET"]}}],"collection":[{"href":"https:\/\/proven.az\/en\/wp-json\/wp\/v2\/pages"}],"about":[{"href":"https:\/\/proven.az\/en\/wp-json\/wp\/v2\/types\/page"}],"author":[{"embeddable":true,"href":"https:\/\/proven.az\/en\/wp-json\/wp\/v2\/users\/1"}],"replies":[{"embeddable":true,"href":"https:\/\/proven.az\/en\/wp-json\/wp\/v2\/comments?post=6906"}],"version-history":[{"count":17,"href":"https:\/\/proven.az\/en\/wp-json\/wp\/v2\/pages\/6906\/revisions"}],"predecessor-version":[{"id":7367,"href":"https:\/\/proven.az\/en\/wp-json\/wp\/v2\/pages\/6906\/revisions\/7367"}],"up":[{"embeddable":true,"href":"https:\/\/proven.az\/en\/wp-json\/wp\/v2\/pages\/6168"}],"wp:attachment":[{"href":"https:\/\/proven.az\/en\/wp-json\/wp\/v2\/media?parent=6906"}],"curies":[{"name":"wp","href":"https:\/\/api.w.org\/{rel}","templated":true}]}}